{"id":1853,"date":"2018-02-18T06:16:07","date_gmt":"2018-02-18T06:16:07","guid":{"rendered":"http:\/\/www.wpcarrental.com\/modern\/?page_id=1853"},"modified":"2022-04-25T10:28:41","modified_gmt":"2022-04-25T10:28:41","slug":"about-us","status":"publish","type":"page","link":"https:\/\/artic.ba\/bs\/about-us\/","title":{"rendered":"O nama"},"content":{"rendered":"<div data-vc-full-width=\"true\" data-vc-full-width-init=\"false\" class=\"vc_row wpb_row vc_row-fluid secondary_color_background box_shadow vc_column-gap-35 vc_row-o-full-height vc_row-o-columns-middle vc_row-o-equal-height vc_row-o-content-middle vc_row-flex vc-slider-bg vc-slider-bg-891529\"><div class=\"wpb_column vc_column_container vc_col-sm-8 vc_col-has-fill\"><div class=\"vc_column-inner vc_custom_1549248549730\"><div class=\"wpb_wrapper\"><div class=\"fancy-title align_left\"><h2 class=\"vc_underline_title vc_title white\">Mi smo va\u0161a najbolja kompanija za iznajmljivanje automobila u ovoj oblasti<\/h2><div class=\"vc_underline white\"><\/div><\/div>\n\t<div class=\"wpb_text_column wpb_content_element  white\" >\n\t\t<div class=\"wpb_wrapper\">\n\t\t\t<h4 class=\"white\">Svakog mjeseca posje\u0107uju hiljade kupaca rent-a-cara!<\/h4>\n<p class=\" translation-block\">Mi smo lokalna agencija za iznajmljivanje automobila koja iznajmljuje automobile, kombije i male kamione na kra\u0107e vremenske periode, uglavnom od nekoliko sati do nekoliko sedmica. Organizirani smo sa brojnim lokalnim poslovnicama (koje omogu\u0107avaju korisniku da vrati vozilo na drugu lokaciju u na\u0161oj zemlji)<br>\n\u201cNa\u0161 cilj nije samo iznajmiti automobil, \u017eelimo stvoriti dugoro\u010dno partnerstvo sa na\u0161im klijentima kako ne bi morali mijenjati agenciju za iznajmljivanje automobila.\u201d<\/p>\n\n\t\t<\/div>\n\t<\/div>\n<div class=\"vc_btn3-container vc_btn3-left\" ><a class=\"vc_general vc_btn3 vc_btn3-size-md vc_btn3-shape-rounded vc_btn3-style-flat vc_btn3-icon-left vc_btn3-color-black\" href=\"\/bs\/\" title=\"Rezervi\u0161ite odmah\"><i class=\"vc_btn3-icon fa fa-calendar-plus-o\"><\/i> Rezervi\u0161ite odmah<\/a><\/div><\/div><\/div><\/div><div class=\"wpb_column vc_column_container vc_col-sm-4 vc_col-has-fill\"><div class=\"vc_column-inner vc_custom_1549260453379\"><div class=\"wpb_wrapper\"><\/div><\/div><\/div><\/div><div class=\"vc_row-full-width vc_clearfix\"><\/div><div data-vc-full-width=\"true\" data-vc-full-width-init=\"false\" class=\"vc_row wpb_row vc_row-fluid primary_color_background box_shadow vc_custom_1551678287611 vc-slider-bg vc-slider-bg-240219\"><div class=\"wpb_column vc_column_container vc_col-sm-6 vc_col-lg-3 vc_col-md-3\"><div class=\"vc_column-inner vc_custom_1551678127245\"><div class=\"wpb_wrapper\"><div class=\"vc_row wpb_row vc_inner vc_row-fluid\"><div class=\"wpb_column vc_column_container vc_col-sm-3\"><div class=\"vc_column-inner\"><div class=\"wpb_wrapper\"><div class=\"vc_icon_element vc_icon_element-outer vc_custom_1551678384251 wpb_animate_when_almost_visible wpb_flipInX flipInX vc_icon_element-align-center\"><div class=\"vc_icon_element-inner vc_icon_element-color-secondary_color vc_icon_element-size-lg vc_icon_element-style- vc_icon_element-background-color-grey\" ><span class=\"vc_icon_element-icon fa fa-heart\" ><\/span><\/div><\/div><\/div><\/div><\/div><div class=\"wpb_column vc_column_container vc_col-sm-9\"><div class=\"vc_column-inner\"><div class=\"wpb_wrapper\"><div><div class=\"stat_counter_wrapper white\"><div id=\"wpcr-counter844443\" class=\"stat_counter default\" data-count_to=\"1050\">-<\/div><div class=\"stat_title\">Zadovoljni klijenti<\/div><\/div><\/div><\/div><\/div><\/div><\/div><\/div><\/div><\/div><div class=\"wpb_column vc_column_container vc_col-sm-6 vc_col-lg-3 vc_col-md-3\"><div class=\"vc_column-inner vc_custom_1551678132917\"><div class=\"wpb_wrapper\"><div class=\"vc_row wpb_row vc_inner vc_row-fluid\"><div class=\"wpb_column vc_column_container vc_col-sm-3\"><div class=\"vc_column-inner\"><div class=\"wpb_wrapper\"><div class=\"vc_icon_element vc_icon_element-outer vc_custom_1551678389420 wpb_animate_when_almost_visible wpb_flipInX flipInX vc_icon_element-align-center\"><div class=\"vc_icon_element-inner vc_icon_element-color-secondary_color vc_icon_element-size-lg vc_icon_element-style- vc_icon_element-background-color-grey\" ><span class=\"vc_icon_element-icon fa fa-car\" ><\/span><\/div><\/div><\/div><\/div><\/div><div class=\"wpb_column vc_column_container vc_col-sm-9\"><div class=\"vc_column-inner\"><div class=\"wpb_wrapper\"><div><div class=\"stat_counter_wrapper white\"><div id=\"wpcr-counter429794\" class=\"stat_counter default\" data-count_to=\"81\">-<\/div><div class=\"stat_title\">Vozila<\/div><\/div><\/div><\/div><\/div><\/div><\/div><\/div><\/div><\/div><div class=\"wpb_column vc_column_container vc_col-sm-6 vc_col-lg-3 vc_col-md-3\"><div class=\"vc_column-inner vc_custom_1551678141723\"><div class=\"wpb_wrapper\"><div class=\"vc_row wpb_row vc_inner vc_row-fluid\"><div class=\"wpb_column vc_column_container vc_col-sm-3\"><div class=\"vc_column-inner\"><div class=\"wpb_wrapper\"><div class=\"vc_icon_element vc_icon_element-outer vc_custom_1551678393392 wpb_animate_when_almost_visible wpb_flipInX flipInX vc_icon_element-align-center\"><div class=\"vc_icon_element-inner vc_icon_element-color-secondary_color vc_icon_element-size-lg vc_icon_element-style- vc_icon_element-background-color-grey\" ><span class=\"vc_icon_element-icon fa fa-map-marker\" ><\/span><\/div><\/div><\/div><\/div><\/div><div class=\"wpb_column vc_column_container vc_col-sm-9\"><div class=\"vc_column-inner\"><div class=\"wpb_wrapper\"><div><div class=\"stat_counter_wrapper white\"><div id=\"wpcr-counter467331\" class=\"stat_counter default\" data-count_to=\"10\">-<\/div><div class=\"stat_title\">Lokacije<\/div><\/div><\/div><\/div><\/div><\/div><\/div><\/div><\/div><\/div><div class=\"wpb_column vc_column_container vc_col-sm-6 vc_col-lg-3 vc_col-md-3\"><div class=\"vc_column-inner vc_custom_1551678146263\"><div class=\"wpb_wrapper\"><div class=\"vc_row wpb_row vc_inner vc_row-fluid\"><div class=\"wpb_column vc_column_container vc_col-sm-3\"><div class=\"vc_column-inner\"><div class=\"wpb_wrapper\"><div class=\"vc_icon_element vc_icon_element-outer vc_custom_1551678398341 wpb_animate_when_almost_visible wpb_flipInX flipInX vc_icon_element-align-center\"><div class=\"vc_icon_element-inner vc_icon_element-color-secondary_color vc_icon_element-size-lg vc_icon_element-style- vc_icon_element-background-color-grey\" ><span class=\"vc_icon_element-icon fa fa-calendar-check-o\" ><\/span><\/div><\/div><\/div><\/div><\/div><div class=\"wpb_column vc_column_container vc_col-sm-9\"><div class=\"vc_column-inner\"><div class=\"wpb_wrapper\"><div><div class=\"stat_counter_wrapper white\"><div id=\"wpcr-counter788089\" class=\"stat_counter default\" data-count_to=\"969\">-<\/div><div class=\"stat_title\">Rezervacije<\/div><\/div><\/div><\/div><\/div><\/div><\/div><\/div><\/div><\/div><\/div><div class=\"vc_row-full-width vc_clearfix\"><\/div><div class=\"vc_row wpb_row vc_row-fluid vc_custom_1549260584699 vc-slider-bg vc-slider-bg-333858\"><div class=\"wpb_column vc_column_container vc_col-sm-12\"><div class=\"vc_column-inner\"><div class=\"wpb_wrapper\"><div class=\"fancy-title align_center\"><h2 class=\"vc_underline_title vc_title black\">Karakteristike kompanije<\/h2><div class=\"vc_underline secondary_color_background\"><\/div><\/div>\n\t<div class=\"wpb_text_column wpb_content_element  align_center\" >\n\t\t<div class=\"wpb_wrapper\">\n\t\t\t<p>Mali detalji \u010dine razliku<\/p>\n\n\t\t<\/div>\n\t<\/div>\n<div class=\"vc_row wpb_row vc_inner vc_row-fluid vc_custom_1549250696928\"><div class=\"wpb_column vc_column_container vc_col-sm-4\"><div class=\"vc_column-inner\"><div class=\"wpb_wrapper\"><div class=\"vc_icon_element vc_icon_element-outer vc_icon_element-align-center\"><div class=\"vc_icon_element-inner vc_icon_element-color-primary_color vc_icon_element-size-xl vc_icon_element-style- vc_icon_element-background-color-grey\" ><span class=\"vc_icon_element-icon fa fa-star\" ><\/span><\/div><\/div>\n\t<div class=\"wpb_text_column wpb_content_element  align_center\" >\n\t\t<div class=\"wpb_wrapper\">\n\t\t\t<h4 class=\"secondary_color\">Preko 14 godina poslovanja<\/h4>\n<p>Mi smo lokalna agencija za iznajmljivanje automobila koja iznajmljuje automobile, kombije i male kamione na kra\u0107e vremenske periode, uglavnom od nekoliko sati do nekoliko sedmica. Organizovani smo sa brojnim lokalnim poslovnicama (koje omogu\u0107avaju korisniku da vrati vozilo na drugu lokaciju u na\u0161oj zemlji)<\/p>\n\n\t\t<\/div>\n\t<\/div>\n<\/div><\/div><\/div><div class=\"wpb_column vc_column_container vc_col-sm-4\"><div class=\"vc_column-inner\"><div class=\"wpb_wrapper\"><div class=\"vc_icon_element vc_icon_element-outer vc_icon_element-align-center\"><div class=\"vc_icon_element-inner vc_icon_element-color-primary_color vc_icon_element-size-xl vc_icon_element-style- vc_icon_element-background-color-grey\" ><span class=\"vc_icon_element-icon fa fa-wrench\" ><\/span><\/div><\/div>\n\t<div class=\"wpb_text_column wpb_content_element  align_center\" >\n\t\t<div class=\"wpb_wrapper\">\n\t\t\t<h4 class=\"secondary_color\">Dobro ocuvani automobili<\/h4>\n<p>Sva vozila su osigurana za slu\u010daj \u0161tete nanesene tre\u0107em licu (obavezno osiguranje). Sva vozila imaju servisnu knji\u017eicu sa informacijama o redovnom odr\u017eavanju i servisu.<\/p>\n\n\t\t<\/div>\n\t<\/div>\n<\/div><\/div><\/div><div class=\"wpb_column vc_column_container vc_col-sm-4\"><div class=\"vc_column-inner\"><div class=\"wpb_wrapper\"><div class=\"vc_icon_element vc_icon_element-outer vc_icon_element-align-center\"><div class=\"vc_icon_element-inner vc_icon_element-color-primary_color vc_icon_element-size-xl vc_icon_element-style- vc_icon_element-background-color-grey\" ><span class=\"vc_icon_element-icon fa fa-ticket\" ><\/span><\/div><\/div>\n\t<div class=\"wpb_text_column wpb_content_element  align_center\" >\n\t\t<div class=\"wpb_wrapper\">\n\t\t\t<h4 class=\"secondary_color\">Pristupa\u010dne cijene<\/h4>\n<p>Cijene zakupa prilago\u0111ene su plate\u017enoj sposobnosti korisnika i ekonomskom statusu na\u0161e zemlje. Nudimo pogodnosti dugoro\u010dnog najma.<\/p>\n\n\t\t<\/div>\n\t<\/div>\n<\/div><\/div><\/div><\/div><\/div><\/div><\/div><\/div>","protected":false},"excerpt":{"rendered":"We are your best car rental company in the area Visited by thousands of rental car customers every month! We are local car rental agency that rents automobiles, vans and small trucks for short periods of time, generally ranging from a few hours to a few weeks. We are organized with numerous local branches (which [...]","protected":false},"author":1,"featured_media":0,"parent":0,"menu_order":0,"comment_status":"closed","ping_status":"closed","template":"homepage.php","meta":{"footnotes":"","_links_to":"","_links_to_target":""},"class_list":["post-1853","page","type-page","status-publish","hentry"],"yoast_head":"<!-- This site is optimized with the Yoast SEO plugin v22.3 - https:\/\/yoast.com\/wordpress\/plugins\/seo\/ -->\n<title>About Us - Rent a Car Mostar<\/title>\n<meta name=\"description\" content=\"Rent a Car Mostar Artic Trade. Car rental. Hire Car Mostar. Najam vozila Mostar. Rent a Car Agencija. Renta Car Mostar. Mostar rent.\" \/>\n<meta name=\"robots\" content=\"index, follow, max-snippet:-1, max-image-preview:large, max-video-preview:-1\" \/>\n<link rel=\"canonical\" href=\"https:\/\/artic.ba\/bs\/about-us\/\" \/>\n<meta property=\"og:locale\" content=\"bs_BA\" \/>\n<meta property=\"og:type\" content=\"article\" \/>\n<meta property=\"og:title\" content=\"About Us - Rent a Car Mostar\" \/>\n<meta property=\"og:description\" content=\"Rent a Car Mostar Artic Trade. Car rental. Hire Car Mostar. Najam vozila Mostar. Rent a Car Agencija. Renta Car Mostar. Mostar rent.\" \/>\n<meta property=\"og:url\" content=\"https:\/\/artic.ba\/bs\/about-us\/\" \/>\n<meta property=\"og:site_name\" content=\"Rent a Car Mostar\" \/>\n<meta property=\"article:publisher\" content=\"https:\/\/www.facebook.com\/Artic-Rent-a-Car-Mostar-549202751914507\" \/>\n<meta property=\"article:modified_time\" content=\"2022-04-25T10:28:41+00:00\" \/>\n<meta property=\"og:image\" content=\"https:\/\/artic.ba\/wp-content\/uploads\/2023\/03\/Ren-A-Car-Mostar-Artic-Trade.gif\" \/>\n\t<meta property=\"og:image:width\" content=\"1200\" \/>\n\t<meta property=\"og:image:height\" content=\"630\" \/>\n\t<meta property=\"og:image:type\" content=\"image\/gif\" \/>\n<meta name=\"twitter:card\" content=\"summary_large_image\" \/>\n<meta name=\"twitter:label1\" content=\"Est. reading time\" \/>\n\t<meta name=\"twitter:data1\" content=\"4 minute\" \/>\n<script type=\"application\/ld+json\" class=\"yoast-schema-graph\">{\"@context\":\"https:\/\/schema.org\",\"@graph\":[{\"@type\":\"WebPage\",\"@id\":\"https:\/\/artic.ba\/about-us\/\",\"url\":\"https:\/\/artic.ba\/about-us\/\",\"name\":\"About Us - Rent a Car Mostar\",\"isPartOf\":{\"@id\":\"https:\/\/artic.ba\/#website\"},\"datePublished\":\"2018-02-18T06:16:07+00:00\",\"dateModified\":\"2022-04-25T10:28:41+00:00\",\"description\":\"Rent a Car Mostar Artic Trade. Car rental. Hire Car Mostar. Najam vozila Mostar. Rent a Car Agencija. Renta Car Mostar. Mostar rent.\",\"breadcrumb\":{\"@id\":\"https:\/\/artic.ba\/about-us\/#breadcrumb\"},\"inLanguage\":\"bs-BA\",\"potentialAction\":[{\"@type\":\"ReadAction\",\"target\":[\"https:\/\/artic.ba\/about-us\/\"]}]},{\"@type\":\"BreadcrumbList\",\"@id\":\"https:\/\/artic.ba\/about-us\/#breadcrumb\",\"itemListElement\":[{\"@type\":\"ListItem\",\"position\":1,\"name\":\"Home\",\"item\":\"https:\/\/artic.ba\/\"},{\"@type\":\"ListItem\",\"position\":2,\"name\":\"About Us\"}]},{\"@type\":\"WebSite\",\"@id\":\"https:\/\/artic.ba\/#website\",\"url\":\"https:\/\/artic.ba\/\",\"name\":\"Rent a Car Mostar\",\"description\":\"Car Rental Agency Mostar\",\"publisher\":{\"@id\":\"https:\/\/artic.ba\/#organization\"},\"potentialAction\":[{\"@type\":\"SearchAction\",\"target\":{\"@type\":\"EntryPoint\",\"urlTemplate\":\"https:\/\/artic.ba\/?s={search_term_string}\"},\"query-input\":\"required name=search_term_string\"}],\"inLanguage\":\"bs-BA\"},{\"@type\":\"Organization\",\"@id\":\"https:\/\/artic.ba\/#organization\",\"name\":\"Rent a Car Mostar - Artic Rent a Car\",\"url\":\"https:\/\/artic.ba\/\",\"logo\":{\"@type\":\"ImageObject\",\"inLanguage\":\"bs-BA\",\"@id\":\"https:\/\/artic.ba\/#\/schema\/logo\/image\/\",\"url\":\"https:\/\/artic.ba\/wp-content\/uploads\/2023\/03\/artic-new-logo-800.jpg\",\"contentUrl\":\"https:\/\/artic.ba\/wp-content\/uploads\/2023\/03\/artic-new-logo-800.jpg\",\"width\":800,\"height\":800,\"caption\":\"Rent a Car Mostar - Artic Rent a Car\"},\"image\":{\"@id\":\"https:\/\/artic.ba\/#\/schema\/logo\/image\/\"},\"sameAs\":[\"https:\/\/www.facebook.com\/Artic-Rent-a-Car-Mostar-549202751914507\",\"https:\/\/www.instagram.com\/articrentacar\/\"]}]}<\/script>\n<!-- \/ Yoast SEO plugin. -->","yoast_head_json":{"title":"About Us - Rent a Car Mostar","description":"Rent a Car Mostar Artic Trade. Car rental. Hire Car Mostar. Najam vozila Mostar. Rent a Car Agencija. Renta Car Mostar. Mostar rent.","robots":{"index":"index","follow":"follow","max-snippet":"max-snippet:-1","max-image-preview":"max-image-preview:large","max-video-preview":"max-video-preview:-1"},"canonical":"https:\/\/artic.ba\/bs\/about-us\/","og_locale":"bs_BA","og_type":"article","og_title":"About Us - Rent a Car Mostar","og_description":"Rent a Car Mostar Artic Trade. Car rental. Hire Car Mostar. Najam vozila Mostar. Rent a Car Agencija. Renta Car Mostar. Mostar rent.","og_url":"https:\/\/artic.ba\/bs\/about-us\/","og_site_name":"Rent a Car Mostar","article_publisher":"https:\/\/www.facebook.com\/Artic-Rent-a-Car-Mostar-549202751914507","article_modified_time":"2022-04-25T10:28:41+00:00","og_image":[{"width":1200,"height":630,"url":"https:\/\/artic.ba\/wp-content\/uploads\/2023\/03\/Ren-A-Car-Mostar-Artic-Trade.gif","type":"image\/gif"}],"twitter_card":"summary_large_image","twitter_misc":{"Est. reading time":"4 minute"},"schema":{"@context":"https:\/\/schema.org","@graph":[{"@type":"WebPage","@id":"https:\/\/artic.ba\/about-us\/","url":"https:\/\/artic.ba\/about-us\/","name":"About Us - Rent a Car Mostar","isPartOf":{"@id":"https:\/\/artic.ba\/#website"},"datePublished":"2018-02-18T06:16:07+00:00","dateModified":"2022-04-25T10:28:41+00:00","description":"Rent a Car Mostar Artic Trade. Car rental. Hire Car Mostar. Najam vozila Mostar. Rent a Car Agencija. Renta Car Mostar. Mostar rent.","breadcrumb":{"@id":"https:\/\/artic.ba\/about-us\/#breadcrumb"},"inLanguage":"bs-BA","potentialAction":[{"@type":"ReadAction","target":["https:\/\/artic.ba\/about-us\/"]}]},{"@type":"BreadcrumbList","@id":"https:\/\/artic.ba\/about-us\/#breadcrumb","itemListElement":[{"@type":"ListItem","position":1,"name":"Home","item":"https:\/\/artic.ba\/"},{"@type":"ListItem","position":2,"name":"About Us"}]},{"@type":"WebSite","@id":"https:\/\/artic.ba\/#website","url":"https:\/\/artic.ba\/","name":"Rent a Car Mostar","description":"Car Rental Agency Mostar","publisher":{"@id":"https:\/\/artic.ba\/#organization"},"potentialAction":[{"@type":"SearchAction","target":{"@type":"EntryPoint","urlTemplate":"https:\/\/artic.ba\/?s={search_term_string}"},"query-input":"required name=search_term_string"}],"inLanguage":"bs-BA"},{"@type":"Organization","@id":"https:\/\/artic.ba\/#organization","name":"Rent a Car Mostar - Artic Rent a Car","url":"https:\/\/artic.ba\/","logo":{"@type":"ImageObject","inLanguage":"bs-BA","@id":"https:\/\/artic.ba\/#\/schema\/logo\/image\/","url":"https:\/\/artic.ba\/wp-content\/uploads\/2023\/03\/artic-new-logo-800.jpg","contentUrl":"https:\/\/artic.ba\/wp-content\/uploads\/2023\/03\/artic-new-logo-800.jpg","width":800,"height":800,"caption":"Rent a Car Mostar - Artic Rent a Car"},"image":{"@id":"https:\/\/artic.ba\/#\/schema\/logo\/image\/"},"sameAs":["https:\/\/www.facebook.com\/Artic-Rent-a-Car-Mostar-549202751914507","https:\/\/www.instagram.com\/articrentacar\/"]}]}},"_links":{"self":[{"href":"https:\/\/artic.ba\/bs\/wp-json\/wp\/v2\/pages\/1853","targetHints":{"allow":["GET"]}}],"collection":[{"href":"https:\/\/artic.ba\/bs\/wp-json\/wp\/v2\/pages"}],"about":[{"href":"https:\/\/artic.ba\/bs\/wp-json\/wp\/v2\/types\/page"}],"author":[{"embeddable":true,"href":"https:\/\/artic.ba\/bs\/wp-json\/wp\/v2\/users\/1"}],"replies":[{"embeddable":true,"href":"https:\/\/artic.ba\/bs\/wp-json\/wp\/v2\/comments?post=1853"}],"version-history":[{"count":3,"href":"https:\/\/artic.ba\/bs\/wp-json\/wp\/v2\/pages\/1853\/revisions"}],"predecessor-version":[{"id":3097,"href":"https:\/\/artic.ba\/bs\/wp-json\/wp\/v2\/pages\/1853\/revisions\/3097"}],"wp:attachment":[{"href":"https:\/\/artic.ba\/bs\/wp-json\/wp\/v2\/media?parent=1853"}],"curies":[{"name":"wp","href":"https:\/\/api.w.org\/{rel}","templated":true}]}}