{"id":2,"date":"2022-04-20T19:03:15","date_gmt":"2022-04-20T19:03:15","guid":{"rendered":"https:\/\/artic.ba\/?page_id=2"},"modified":"2022-04-25T07:17:06","modified_gmt":"2022-04-25T07:17:06","slug":"conditions","status":"publish","type":"page","link":"https:\/\/artic.ba\/bs\/conditions\/","title":{"rendered":"Uslovi"},"content":{"rendered":"<p class=\" translation-block\"><strong>INFORMACIJE I USLOVI<\/strong><br><em><strong>Op\u0107i uslovi<\/strong><\/em><\/p>\r\n<p class=\" translation-block\">* Starost voza\u010da minimalno 20 godina.<br>* Voza\u010d treba da ima dvije godine voza\u010dkog iskustva.<br>* Minimalni period najma je 24 sata (dodatni dan se napla\u0107uje vi\u0161e od dva sata).<br>* Gorivo i to\u010denje goriva usluga nije uklju\u010dena u cijenu.<\/p>\r\n<p><em><strong>Uslovi osiguranja<\/strong><\/em><\/p>\r\n<p class=\" translation-block\">Sva vozila su osigurana za slu\u010daj \u0161tete nanesene tre\u0107em licu (obavezno osiguranje).<br>Ukoliko je Artic Trade vozilo o\u0161te\u0107eno gre\u0161kom drugog vozila, \u0161teta u ovom slu\u010daju nije pokrivena kasko osiguranjem vozila Artic Trade ve\u0107 polisom obaveznog osiguranja te (odgovorne) strane. Zbog toga je veoma va\u017eno sa\u010diniti policijski zapisnik i popuniti odgovaraju\u0107e formulare.<\/p>\r\n<p><em><strong>Svakako nazovite najbli\u017eu poslovnicu TuzlaRent-a.<\/strong><\/em><\/p>\r\n<p class=\" translation-block\">Ukoliko je vozilo Artic Trade o\u0161te\u0107eno krivicom voza\u010da (stranke koja ga je iznajmila), odgovornost za \u0161tetu je obezbe\u0111ena obaveznim pla\u0107anjem dnevne premije osiguranja (CDW).<br>Ovo kasko osiguranje ne pokriva pun iznos doga\u0111aja, ve\u0107 samo iznos fran\u0161ize, ovisno o klasi vozila.<\/p>\r\n<p><em><strong>CDW ima i neke izuzetke, koji nisu pokriveni kasko osiguranjem:<\/strong><\/em><\/p>\r\n<p class=\" translation-block\">CDW ne pokriva \u0161tetu na sljede\u0107im dijelovima: gume, felge, felge i podvozje, jer ova o\u0161te\u0107enja nastaju samo zbog krajnje nepa\u017enje voza\u010da.<br>CDW ne pokriva o\u0161te\u0107enja motora uzrokovana nedostatkom ulja. <br>CDW ne pokriva nikakvu \u0161tetu ako je voza\u010d bio pod utjecajem droga ili alkohola (dokazi policijskih evidencija) i ako je vozilo minirano ili namjerno zapaljeno.<br>CDW ne pokriva \u0161tetu koju je napravio lice koje nije navedeno u ugovoru kao voza\u010d.<\/p>\r\n<p class=\" translation-block\">Kupovinom fran\u0161ize tj. CDW+ (plus), najmoprimac je u potpunosti pokriven u slu\u010daju o\u0161te\u0107enja vozila (va\u017ee pravilo o obaveznoj policijskoj evidenciji kao i gore navedeni izuzeci).<br>Ukoliko strana ne u\u010dini kupi fran\u0161izu i nastala \u0161teta je manja od iznosa fran\u0161ize, za taj manji iznos odgovara zakupac. Ako je iznos \u0161tete ve\u0107i od odbitnog iznosa fran\u0161ize, strana je odgovorna za iznos fran\u0161ize. Ostatak \u0161tete pokriva kasko osiguranje.<\/p>\r\n<p class=\" translation-block\">U slu\u010daju saobra\u0107ajne nesre\u0107e potreban je policijski zapisnik. Ukoliko stranka ne donese policijski zapisnik CDW ili CDW+ se uop\u0107e ne primjenjuje i stranka je odgovorna za cjelokupan iznos \u0161tete.<br>TP (za\u0161tita od kra\u0111e) se ne primjenjuje u slu\u010daju gubitka klju\u010deva ili gubitka vozila dokumenata.<\/p>\r\n<p class=\" translation-block\"><em><strong>Postupak u slu\u010daju saobra\u0107ajne nezgode:<\/strong><\/em><br>Osigurajte vozilo od daljeg o\u0161te\u0107enja, pozovite policiju i najbli\u017eu poslovnicu TuzlaRenta, dajte izjavu i popunite odgovaraju\u0107e formulare .<\/p>\r\n<p><em><strong>Pla\u0107anje<\/strong><\/em><br \/>Pla\u0107anje usluga se mo\u017ee izvr\u0161iti:<\/p>\r\n<p class=\" translation-block\">* Gotovina (KM \/ BAM valuta)<br>* Bankovni transfer na jedan od na\u0161ih bankovnih ra\u010duna (KM ili EURO valuta)<br>* Kreditna kartica (VISA, MasterCard, Maestro, AmEx).<br>* U slu\u010daju najma vozila pravnih lica, potrebna je i dostava va\u017ee\u0107e narud\u017ebenice.<\/p>\r\n<p class=\" translation-block\"><em><strong>Procedura rezervacije<\/strong><\/em><br>Rezervacije treba poslati na\u0161oj centralnoj slu\u017ebi za rezervacije po mogu\u0107nosti najmanje 48 sati prije preuzimanja. Svaka od nas potvr\u0111enih rezervacija \u0107e dobiti svoj broj i bit \u0107e vra\u0107ena Agenciji faksom ili e-mailom.<\/p>\r\n<p>Subsequent changes to reservations or cancellations must also be sent to email info@artic.ba<\/p>\r\n<p class=\" translation-block\"><em><strong>Prihvatanje rezervacije<\/strong><\/em><br>Svaku rezervaciju mora dostaviti i potvrditi na\u0161 rezervacijski centar najmanje 24 sata prije \u017eeljenog preuzimanja.<\/p>\r\n<p>U nekim izuzetnim slu\u010dajevima, u \u0161picu sezone, TuzlaRent mo\u017ee odbiti potvrdu rezervacije zbog punog kapaciteta. Slanjem rezervacije na vrijeme mo\u017eete u potpunosti smanjiti mogu\u0107nost ovakvih odbijanja.<\/p>\r\n<p><em><strong>Dodatne usluge<\/strong><\/em><\/p>\r\n<p class=\" translation-block\">* Dostava i preuzimanje<br>* Iznajmljivanje automobila sa voza\u010dem<br>* Mogu\u0107nost ostavljanja vozila u svim evropskim zemljama<br>* Specijalni popust za dugoro\u010dne najmove kao i zakup velikog broja vozila.<\/p>\r\n<p><strong>PRELAZAK GRANICA I TERITORIJALNA OGRANI\u010cENJA<\/strong><\/p>\r\n<p class=\" translation-block\">Prelazak granice je dozvoljen samo uz odobrenje Artic Trade-a i samo u sljede\u0107im zemljama u Evropi:<br>Austrija, Crna Gora, Belgija, Bugarska, Hrvatska, Holandija, Luksemburg, \u010ce\u0161ka, Njema\u010dka, Ma\u0111arska, Makedonija, Rumunija, Srbija , Slova\u010dkoj, Sloveniji i \u0160vicarskoj.<\/p>\r\n<p>Prelazak granice nije dozvoljen za zemlje koje nisu na listi.<\/p>\r\n<p>Dozvola za prelazak granice se pla\u0107a naknadno, u zavisnosti od zemlje u koju putujete, a cijena se kre\u0107e od 30 KM (15 EUR) do 80 KM (40 EUR) max.<\/p>","protected":false},"excerpt":{"rendered":"<p>INFORMATION AND CONDITIONSGeneral conditions * Driver\u2019s age minimum 20 years.* Driver should have two years of driving experience.* Minimum rental period is 24 hours (an extra day is charged for more than two hours).* Fuel and refueling service are not included in the price. Insurance conditions All vehicles are insured in case of damage done [&hellip;]<\/p>","protected":false},"author":1,"featured_media":0,"parent":0,"menu_order":0,"comment_status":"closed","ping_status":"open","template":"","meta":{"footnotes":"","_links_to":"","_links_to_target":""},"class_list":["post-2","page","type-page","status-publish","hentry"],"yoast_head":"<!-- This site is optimized with the Yoast SEO plugin v22.3 - https:\/\/yoast.com\/wordpress\/plugins\/seo\/ -->\n<title>Conditions - Rent a Car Mostar<\/title>\n<meta name=\"description\" content=\"Rent a Car Mostar Artic Trade. Car rental. Hire Car Mostar. Najam vozila Mostar. Rent a Car Agencija. Renta Car Mostar. Mostar rent.\" \/>\n<meta name=\"robots\" content=\"index, follow, max-snippet:-1, max-image-preview:large, max-video-preview:-1\" \/>\n<link rel=\"canonical\" href=\"https:\/\/artic.ba\/bs\/conditions\/\" \/>\n<meta property=\"og:locale\" content=\"bs_BA\" \/>\n<meta property=\"og:type\" content=\"article\" \/>\n<meta property=\"og:title\" content=\"Conditions - Rent a Car Mostar\" \/>\n<meta property=\"og:description\" content=\"Rent a Car Mostar Artic Trade. Car rental. Hire Car Mostar. Najam vozila Mostar. Rent a Car Agencija. Renta Car Mostar. Mostar rent.\" \/>\n<meta property=\"og:url\" content=\"https:\/\/artic.ba\/bs\/conditions\/\" \/>\n<meta property=\"og:site_name\" content=\"Rent a Car Mostar\" \/>\n<meta property=\"article:publisher\" content=\"https:\/\/www.facebook.com\/Artic-Rent-a-Car-Mostar-549202751914507\" \/>\n<meta property=\"article:modified_time\" content=\"2022-04-25T07:17:06+00:00\" \/>\n<meta property=\"og:image\" content=\"https:\/\/artic.ba\/wp-content\/uploads\/2023\/03\/Ren-A-Car-Mostar-Artic-Trade.gif\" \/>\n\t<meta property=\"og:image:width\" content=\"1200\" \/>\n\t<meta property=\"og:image:height\" content=\"630\" \/>\n\t<meta property=\"og:image:type\" content=\"image\/gif\" \/>\n<meta name=\"twitter:card\" content=\"summary_large_image\" \/>\n<meta name=\"twitter:label1\" content=\"Est. reading time\" \/>\n\t<meta name=\"twitter:data1\" content=\"4 minute\" \/>\n<script type=\"application\/ld+json\" class=\"yoast-schema-graph\">{\"@context\":\"https:\/\/schema.org\",\"@graph\":[{\"@type\":\"WebPage\",\"@id\":\"https:\/\/artic.ba\/conditions\/\",\"url\":\"https:\/\/artic.ba\/conditions\/\",\"name\":\"Conditions - Rent a Car Mostar\",\"isPartOf\":{\"@id\":\"https:\/\/artic.ba\/#website\"},\"datePublished\":\"2022-04-20T19:03:15+00:00\",\"dateModified\":\"2022-04-25T07:17:06+00:00\",\"description\":\"Rent a Car Mostar Artic Trade. Car rental. Hire Car Mostar. Najam vozila Mostar. Rent a Car Agencija. Renta Car Mostar. Mostar rent.\",\"breadcrumb\":{\"@id\":\"https:\/\/artic.ba\/conditions\/#breadcrumb\"},\"inLanguage\":\"bs-BA\",\"potentialAction\":[{\"@type\":\"ReadAction\",\"target\":[\"https:\/\/artic.ba\/conditions\/\"]}]},{\"@type\":\"BreadcrumbList\",\"@id\":\"https:\/\/artic.ba\/conditions\/#breadcrumb\",\"itemListElement\":[{\"@type\":\"ListItem\",\"position\":1,\"name\":\"Home\",\"item\":\"https:\/\/artic.ba\/\"},{\"@type\":\"ListItem\",\"position\":2,\"name\":\"Conditions\"}]},{\"@type\":\"WebSite\",\"@id\":\"https:\/\/artic.ba\/#website\",\"url\":\"https:\/\/artic.ba\/\",\"name\":\"Rent a Car Mostar\",\"description\":\"Car Rental Agency Mostar\",\"publisher\":{\"@id\":\"https:\/\/artic.ba\/#organization\"},\"potentialAction\":[{\"@type\":\"SearchAction\",\"target\":{\"@type\":\"EntryPoint\",\"urlTemplate\":\"https:\/\/artic.ba\/?s={search_term_string}\"},\"query-input\":\"required name=search_term_string\"}],\"inLanguage\":\"bs-BA\"},{\"@type\":\"Organization\",\"@id\":\"https:\/\/artic.ba\/#organization\",\"name\":\"Rent a Car Mostar - Artic Rent a Car\",\"url\":\"https:\/\/artic.ba\/\",\"logo\":{\"@type\":\"ImageObject\",\"inLanguage\":\"bs-BA\",\"@id\":\"https:\/\/artic.ba\/#\/schema\/logo\/image\/\",\"url\":\"https:\/\/artic.ba\/wp-content\/uploads\/2023\/03\/artic-new-logo-800.jpg\",\"contentUrl\":\"https:\/\/artic.ba\/wp-content\/uploads\/2023\/03\/artic-new-logo-800.jpg\",\"width\":800,\"height\":800,\"caption\":\"Rent a Car Mostar - Artic Rent a Car\"},\"image\":{\"@id\":\"https:\/\/artic.ba\/#\/schema\/logo\/image\/\"},\"sameAs\":[\"https:\/\/www.facebook.com\/Artic-Rent-a-Car-Mostar-549202751914507\",\"https:\/\/www.instagram.com\/articrentacar\/\"]}]}<\/script>\n<!-- \/ Yoast SEO plugin. -->","yoast_head_json":{"title":"Conditions - Rent a Car Mostar","description":"Rent a Car Mostar Artic Trade. Car rental. Hire Car Mostar. Najam vozila Mostar. Rent a Car Agencija. Renta Car Mostar. Mostar rent.","robots":{"index":"index","follow":"follow","max-snippet":"max-snippet:-1","max-image-preview":"max-image-preview:large","max-video-preview":"max-video-preview:-1"},"canonical":"https:\/\/artic.ba\/bs\/conditions\/","og_locale":"bs_BA","og_type":"article","og_title":"Conditions - Rent a Car Mostar","og_description":"Rent a Car Mostar Artic Trade. Car rental. Hire Car Mostar. Najam vozila Mostar. Rent a Car Agencija. Renta Car Mostar. Mostar rent.","og_url":"https:\/\/artic.ba\/bs\/conditions\/","og_site_name":"Rent a Car Mostar","article_publisher":"https:\/\/www.facebook.com\/Artic-Rent-a-Car-Mostar-549202751914507","article_modified_time":"2022-04-25T07:17:06+00:00","og_image":[{"width":1200,"height":630,"url":"https:\/\/artic.ba\/wp-content\/uploads\/2023\/03\/Ren-A-Car-Mostar-Artic-Trade.gif","type":"image\/gif"}],"twitter_card":"summary_large_image","twitter_misc":{"Est. reading time":"4 minute"},"schema":{"@context":"https:\/\/schema.org","@graph":[{"@type":"WebPage","@id":"https:\/\/artic.ba\/conditions\/","url":"https:\/\/artic.ba\/conditions\/","name":"Conditions - Rent a Car Mostar","isPartOf":{"@id":"https:\/\/artic.ba\/#website"},"datePublished":"2022-04-20T19:03:15+00:00","dateModified":"2022-04-25T07:17:06+00:00","description":"Rent a Car Mostar Artic Trade. Car rental. Hire Car Mostar. Najam vozila Mostar. Rent a Car Agencija. Renta Car Mostar. Mostar rent.","breadcrumb":{"@id":"https:\/\/artic.ba\/conditions\/#breadcrumb"},"inLanguage":"bs-BA","potentialAction":[{"@type":"ReadAction","target":["https:\/\/artic.ba\/conditions\/"]}]},{"@type":"BreadcrumbList","@id":"https:\/\/artic.ba\/conditions\/#breadcrumb","itemListElement":[{"@type":"ListItem","position":1,"name":"Home","item":"https:\/\/artic.ba\/"},{"@type":"ListItem","position":2,"name":"Conditions"}]},{"@type":"WebSite","@id":"https:\/\/artic.ba\/#website","url":"https:\/\/artic.ba\/","name":"Rent a Car Mostar","description":"Car Rental Agency Mostar","publisher":{"@id":"https:\/\/artic.ba\/#organization"},"potentialAction":[{"@type":"SearchAction","target":{"@type":"EntryPoint","urlTemplate":"https:\/\/artic.ba\/?s={search_term_string}"},"query-input":"required name=search_term_string"}],"inLanguage":"bs-BA"},{"@type":"Organization","@id":"https:\/\/artic.ba\/#organization","name":"Rent a Car Mostar - Artic Rent a Car","url":"https:\/\/artic.ba\/","logo":{"@type":"ImageObject","inLanguage":"bs-BA","@id":"https:\/\/artic.ba\/#\/schema\/logo\/image\/","url":"https:\/\/artic.ba\/wp-content\/uploads\/2023\/03\/artic-new-logo-800.jpg","contentUrl":"https:\/\/artic.ba\/wp-content\/uploads\/2023\/03\/artic-new-logo-800.jpg","width":800,"height":800,"caption":"Rent a Car Mostar - Artic Rent a Car"},"image":{"@id":"https:\/\/artic.ba\/#\/schema\/logo\/image\/"},"sameAs":["https:\/\/www.facebook.com\/Artic-Rent-a-Car-Mostar-549202751914507","https:\/\/www.instagram.com\/articrentacar\/"]}]}},"_links":{"self":[{"href":"https:\/\/artic.ba\/bs\/wp-json\/wp\/v2\/pages\/2","targetHints":{"allow":["GET"]}}],"collection":[{"href":"https:\/\/artic.ba\/bs\/wp-json\/wp\/v2\/pages"}],"about":[{"href":"https:\/\/artic.ba\/bs\/wp-json\/wp\/v2\/types\/page"}],"author":[{"embeddable":true,"href":"https:\/\/artic.ba\/bs\/wp-json\/wp\/v2\/users\/1"}],"replies":[{"embeddable":true,"href":"https:\/\/artic.ba\/bs\/wp-json\/wp\/v2\/comments?post=2"}],"version-history":[{"count":2,"href":"https:\/\/artic.ba\/bs\/wp-json\/wp\/v2\/pages\/2\/revisions"}],"predecessor-version":[{"id":3077,"href":"https:\/\/artic.ba\/bs\/wp-json\/wp\/v2\/pages\/2\/revisions\/3077"}],"wp:attachment":[{"href":"https:\/\/artic.ba\/bs\/wp-json\/wp\/v2\/media?parent=2"}],"curies":[{"name":"wp","href":"https:\/\/api.w.org\/{rel}","templated":true}]}}