{"id":253,"date":"2017-03-14T05:01:30","date_gmt":"2017-03-14T05:01:30","guid":{"rendered":"http:\/\/grupored.inteligencia-web.com\/?page_id=253"},"modified":"2022-05-04T09:07:42","modified_gmt":"2022-05-04T09:07:42","slug":"contact","status":"publish","type":"page","link":"https:\/\/artic.ba\/bs\/contact\/","title":{"rendered":"Kontakt"},"content":{"rendered":"<div id=\"contact_us\" data-vc-full-width=\"true\" data-vc-full-width-init=\"false\" class=\"vc_row wpb_row vc_row-fluid vc_custom_1529228014388 vc_row-has-fill vc_row-o-full-height vc_row-o-columns-middle vc_row-o-equal-height vc_row-o-content-middle vc_row-flex vc-slider-bg vc-slider-bg-379514\"><div class=\"contact_form wpb_column vc_column_container vc_col-sm-8 vc_col-lg-6 vc_col-md-7\"><div class=\"vc_column-inner vc_custom_1520770810199\"><div class=\"wpb_wrapper\"><div class=\"vc_empty_space\"   style=\"height: 32px\"><span class=\"vc_empty_space_inner\"><\/span><\/div><div class=\"vc_row wpb_row vc_inner vc_row-fluid vc_row-o-content-middle vc_row-flex\"><div class=\"wpb_column vc_column_container vc_col-sm-3\"><div class=\"vc_column-inner\"><div class=\"wpb_wrapper\"><div class=\"vc_icon_element vc_icon_element-outer contact_icon wpb_animate_when_almost_visible wpb_flipInX flipInX vc_icon_element-align-center vc_icon_element-have-style\"><div class=\"vc_icon_element-inner vc_icon_element-color-white vc_icon_element-have-style-inner vc_icon_element-size-md vc_icon_element-style-rounded vc_icon_element-background vc_icon_element-background-color-secondary_color_background\" ><span class=\"vc_icon_element-icon fa fa-map-marker\" ><\/span><\/div><\/div><\/div><\/div><\/div><div class=\"wpb_column vc_column_container vc_col-sm-3\"><div class=\"vc_column-inner\"><div class=\"wpb_wrapper\">\n\t<div class=\"wpb_text_column wpb_content_element  vc_custom_1651654576172\" >\n\t\t<div class=\"wpb_wrapper\">\n\t\t\t<p><strong>Adresa<\/strong><br \/>\nAlekse \u0160anti\u0107a,<br \/>\n88000. Mostar, BiH<\/p>\n\n\t\t<\/div>\n\t<\/div>\n<\/div><\/div><\/div><div class=\"wpb_column vc_column_container vc_col-sm-3\"><div class=\"vc_column-inner\"><div class=\"wpb_wrapper\"><div class=\"vc_icon_element vc_icon_element-outer contact_icon wpb_animate_when_almost_visible wpb_flipInX flipInX vc_icon_element-align-center vc_icon_element-have-style\"><div class=\"vc_icon_element-inner vc_icon_element-color-white vc_icon_element-have-style-inner vc_icon_element-size-md vc_icon_element-style-rounded vc_icon_element-background vc_icon_element-background-color-secondary_color_background\" ><span class=\"vc_icon_element-icon fa fa-phone\" ><\/span><\/div><\/div><\/div><\/div><\/div><div class=\"wpb_column vc_column_container vc_col-sm-3\"><div class=\"vc_column-inner\"><div class=\"wpb_wrapper\">\n\t<div class=\"wpb_text_column wpb_content_element  vc_custom_1650746495358\" >\n\t\t<div class=\"wpb_wrapper\">\n\t\t\t<p><strong>Telefon<\/strong><br \/>\n+387 061 839 140<br \/>\n+387 36 557 335<\/p>\n\n\t\t<\/div>\n\t<\/div>\n<\/div><\/div><\/div><\/div><div class=\"vc_row wpb_row vc_inner vc_row-fluid\"><div class=\"wpb_column vc_column_container vc_col-sm-3\"><div class=\"vc_column-inner\"><div class=\"wpb_wrapper\"><div class=\"vc_icon_element vc_icon_element-outer contact_icon wpb_animate_when_almost_visible wpb_flipInX flipInX vc_icon_element-align-center vc_icon_element-have-style\"><div class=\"vc_icon_element-inner vc_icon_element-color-white vc_icon_element-have-style-inner vc_icon_element-size-md vc_icon_element-style-rounded vc_icon_element-background vc_icon_element-background-color-secondary_color_background\" ><span class=\"vc_icon_element-icon far fa-file-alt\" ><\/span><\/div><\/div><\/div><\/div><\/div><div class=\"wpb_column vc_column_container vc_col-sm-3\"><div class=\"vc_column-inner\"><div class=\"wpb_wrapper\">\n\t<div class=\"wpb_text_column wpb_content_element  vc_custom_1651655048433\" >\n\t\t<div class=\"wpb_wrapper\">\n\t\t\t<p><strong>ID: <\/strong><\/p>\n<p>4227698630000<\/p>\n\n\t\t<\/div>\n\t<\/div>\n<\/div><\/div><\/div><div class=\"wpb_column vc_column_container vc_col-sm-3\"><div class=\"vc_column-inner\"><div class=\"wpb_wrapper\"><div class=\"vc_icon_element vc_icon_element-outer contact_icon wpb_animate_when_almost_visible wpb_flipInX flipInX vc_icon_element-align-center vc_icon_element-have-style\"><div class=\"vc_icon_element-inner vc_icon_element-color-white vc_icon_element-have-style-inner vc_icon_element-size-md vc_icon_element-style-rounded vc_icon_element-background vc_icon_element-background-color-secondary_color_background\" ><span class=\"vc_icon_element-icon far fa-envelope\" ><\/span><\/div><\/div><\/div><\/div><\/div><div class=\"wpb_column vc_column_container vc_col-sm-3\"><div class=\"vc_column-inner\"><div class=\"wpb_wrapper\">\n\t<div class=\"wpb_text_column wpb_content_element  vc_custom_1651655111961\" >\n\t\t<div class=\"wpb_wrapper\">\n\t\t\t<p><strong>E-mail: <\/strong><\/p>\n<p>info@artic.ba<\/p>\n\n\t\t<\/div>\n\t<\/div>\n<\/div><\/div><\/div><\/div><div class=\"fancy-title align_left\"><h2 class=\"vc_underline_title vc_title\">Kontakt<\/h2><div class=\"vc_underline secondary_color_background\"><\/div><\/div>\n\t<div class=\"wpb_text_column wpb_content_element  vc_custom_1528768411734\" >\n\t\t<div class=\"wpb_wrapper\">\n\t\t\t<p class=\" translation-block\">Ako \u017eelite zatra\u017eiti informacije, popunite i po\u0161aljite<br>\nobrazac ispod. Uskoro \u0107e Vas kontaktirati na\u0161e osoblje.<\/p>\n\n\t\t<\/div>\n\t<\/div>\n\n<div class=\"wpcf7 no-js\" id=\"wpcf7-f1033-o1\" lang=\"es-ES\" dir=\"ltr\">\n<div class=\"screen-reader-response\"><p role=\"status\" aria-live=\"polite\" aria-atomic=\"true\"><\/p> <ul><\/ul><\/div>\n<form action=\"\/bs\/wp-json\/wp\/v2\/pages\/253#wpcf7-f1033-o1\" method=\"post\" class=\"wpcf7-form init\" aria-label=\"Kontakt obrazac\" novalidate=\"novalidate\" data-status=\"init\" data-trp-original-action=\"\/bs\/wp-json\/wp\/v2\/pages\/253#wpcf7-f1033-o1\">\n<div style=\"display: none;\">\n<input type=\"hidden\" name=\"_wpcf7\" value=\"1033\" \/>\n<input type=\"hidden\" name=\"_wpcf7_version\" value=\"5.9.2\" \/>\n<input type=\"hidden\" name=\"_wpcf7_locale\" value=\"es_ES\" \/>\n<input type=\"hidden\" name=\"_wpcf7_unit_tag\" value=\"wpcf7-f1033-o1\" \/>\n<input type=\"hidden\" name=\"_wpcf7_container_post\" value=\"0\" \/>\n<input type=\"hidden\" name=\"_wpcf7_posted_data_hash\" value=\"\" \/>\n<input type=\"hidden\" name=\"_wpcf7_recaptcha_response\" value=\"\" \/>\n<\/div>\n<div class=\"row\">\n <div class=\"col-sm-6\">\n  <span class=\"wpcf7-form-control-wrap\" data-name=\"your-name\"><input size=\"40\" class=\"wpcf7-form-control wpcf7-text wpcf7-validates-as-required\" aria-required=\"true\" aria-invalid=\"false\" placeholder=\"Ime\" value=\"\" type=\"text\" name=\"your-name\" \/><\/span>\n <\/div>\n <div class=\"col-sm-6\">\n  <span class=\"wpcf7-form-control-wrap\" data-name=\"your-email\"><input size=\"40\" class=\"wpcf7-form-control wpcf7-email wpcf7-validates-as-required wpcf7-text wpcf7-validates-as-email\" aria-required=\"true\" aria-invalid=\"false\" placeholder=\"Email\" value=\"\" type=\"email\" name=\"your-email\" \/><\/span>\n <\/div>\n <div class=\"col-sm-6\">\n  <span class=\"wpcf7-form-control-wrap\" data-name=\"your-tel\"><input size=\"40\" class=\"wpcf7-form-control wpcf7-tel wpcf7-validates-as-required wpcf7-text wpcf7-validates-as-tel\" aria-required=\"true\" aria-invalid=\"false\" placeholder=\"Telefon\" value=\"\" type=\"tel\" name=\"your-tel\" \/><\/span>\n <\/div>\n <div class=\"col-sm-6\">\n <span class=\"wpcf7-form-control-wrap\" data-name=\"your-subject\"><input size=\"40\" class=\"wpcf7-form-control wpcf7-text wpcf7-validates-as-required\" aria-required=\"true\" aria-invalid=\"false\" placeholder=\"Subjekt\" value=\"\" type=\"text\" name=\"your-subject\" \/><\/span>\n <\/div>\n<\/div>\n<span class=\"wpcf7-form-control-wrap\" data-name=\"your-message\"><textarea cols=\"50\" rows=\"5\" class=\"wpcf7-form-control wpcf7-textarea wpcf7-validates-as-required\" aria-required=\"true\" aria-invalid=\"false\" placeholder=\"Poruka\" name=\"your-message\"><\/textarea><\/span>\n<input class=\"wpcf7-form-control wpcf7-submit has-spinner\" type=\"submit\" value=\"Po\u0161alji\" \/><div class=\"wpcf7-response-output\" aria-hidden=\"true\"><\/div>\n<input type=\"hidden\" name=\"trp-form-language\" value=\"bs\"\/><\/form>\n<\/div>\n<div class=\"vc_empty_space\"   style=\"height: 32px\"><span class=\"vc_empty_space_inner\"><\/span><\/div><\/div><\/div><\/div><div class=\"wpb_column vc_column_container vc_col-sm-4 vc_col-lg-6 vc_col-md-5\"><div class=\"vc_column-inner\"><div class=\"wpb_wrapper\"><div class=\"vc_empty_space\"   style=\"height: 32px\"><span class=\"vc_empty_space_inner\"><\/span><\/div><div class=\"wpb_gmaps_widget wpb_content_element vc_custom_1650746567991\"><div class=\"wpb_wrapper\"><div class=\"wpb_map_wraper\"><iframe src=\"https:\/\/www.google.com\/maps\/embed?pb=!1m14!1m8!1m3!1d11606.319788597673!2d17.8088894!3d43.3439782!3m2!1i1024!2i768!4f13.1!3m3!1m2!1s0x0%3A0x1e94d8ff802ea04e!2sArtic%20Rent%20a%20Car!5e0!3m2!1sen!2sba!4v1650746544192!5m2!1sen!2sba\" width=\"635\" height=\"600\" style=\"border:0;\" allowfullscreen=\"\" loading=\"lazy\" referrerpolicy=\"no-referrer-when-downgrade\"><\/iframe><\/div><\/div><\/div><div class=\"vc_empty_space\"   style=\"height: 32px\"><span class=\"vc_empty_space_inner\"><\/span><\/div><\/div><\/div><\/div><\/div><div class=\"vc_row-full-width vc_clearfix\"><\/div>","protected":false},"excerpt":{"rendered":"Address Alekse \u0160anti\u0107a, 88000. Mostar, BiH Phone +387 061 839 140 +387 36 557 335 ID: 4227698630000 E-mail: info@artic.ba Contact Us If you want to request information, please complete and submit the form below. You will be soon contacted by our staff.","protected":false},"author":1,"featured_media":0,"parent":0,"menu_order":0,"comment_status":"closed","ping_status":"closed","template":"homepage.php","meta":{"footnotes":"","_links_to":"","_links_to_target":""},"class_list":["post-253","page","type-page","status-publish","hentry"],"yoast_head":"<!-- This site is optimized with the Yoast SEO plugin v22.3 - https:\/\/yoast.com\/wordpress\/plugins\/seo\/ -->\n<title>Contact - Rent a Car Mostar<\/title>\n<meta name=\"description\" content=\"Contact. Rent a Car Mostar Artic Trade. Car rental. Hire Car Mostar. Najam vozila Mostar. Rent a Car Agencija. Renta Car Mostar. Mostar rent.\" \/>\n<meta name=\"robots\" content=\"index, follow, max-snippet:-1, max-image-preview:large, max-video-preview:-1\" \/>\n<link rel=\"canonical\" href=\"https:\/\/artic.ba\/bs\/contact\/\" \/>\n<meta property=\"og:locale\" content=\"bs_BA\" \/>\n<meta property=\"og:type\" content=\"article\" \/>\n<meta property=\"og:title\" content=\"Contact - Rent a Car Mostar\" \/>\n<meta property=\"og:description\" content=\"Contact. Rent a Car Mostar Artic Trade. Car rental. Hire Car Mostar. Najam vozila Mostar. Rent a Car Agencija. Renta Car Mostar. Mostar rent.\" \/>\n<meta property=\"og:url\" content=\"https:\/\/artic.ba\/bs\/contact\/\" \/>\n<meta property=\"og:site_name\" content=\"Rent a Car Mostar\" \/>\n<meta property=\"article:publisher\" content=\"https:\/\/www.facebook.com\/Artic-Rent-a-Car-Mostar-549202751914507\" \/>\n<meta property=\"article:modified_time\" content=\"2022-05-04T09:07:42+00:00\" \/>\n<meta property=\"og:image\" content=\"https:\/\/artic.ba\/wp-content\/uploads\/2023\/03\/Ren-A-Car-Mostar-Artic-Trade.gif\" \/>\n\t<meta property=\"og:image:width\" content=\"1200\" \/>\n\t<meta property=\"og:image:height\" content=\"630\" \/>\n\t<meta property=\"og:image:type\" content=\"image\/gif\" \/>\n<meta name=\"twitter:card\" content=\"summary_large_image\" \/>\n<meta name=\"twitter:label1\" content=\"Est. reading time\" \/>\n\t<meta name=\"twitter:data1\" content=\"1 minuta\" \/>\n<script type=\"application\/ld+json\" class=\"yoast-schema-graph\">{\"@context\":\"https:\/\/schema.org\",\"@graph\":[{\"@type\":\"WebPage\",\"@id\":\"https:\/\/artic.ba\/contact\/\",\"url\":\"https:\/\/artic.ba\/contact\/\",\"name\":\"Contact - Rent a Car Mostar\",\"isPartOf\":{\"@id\":\"https:\/\/artic.ba\/#website\"},\"datePublished\":\"2017-03-14T05:01:30+00:00\",\"dateModified\":\"2022-05-04T09:07:42+00:00\",\"description\":\"Contact. Rent a Car Mostar Artic Trade. Car rental. Hire Car Mostar. Najam vozila Mostar. Rent a Car Agencija. Renta Car Mostar. Mostar rent.\",\"breadcrumb\":{\"@id\":\"https:\/\/artic.ba\/contact\/#breadcrumb\"},\"inLanguage\":\"bs-BA\",\"potentialAction\":[{\"@type\":\"ReadAction\",\"target\":[\"https:\/\/artic.ba\/contact\/\"]}]},{\"@type\":\"BreadcrumbList\",\"@id\":\"https:\/\/artic.ba\/contact\/#breadcrumb\",\"itemListElement\":[{\"@type\":\"ListItem\",\"position\":1,\"name\":\"Home\",\"item\":\"https:\/\/artic.ba\/\"},{\"@type\":\"ListItem\",\"position\":2,\"name\":\"Contact\"}]},{\"@type\":\"WebSite\",\"@id\":\"https:\/\/artic.ba\/#website\",\"url\":\"https:\/\/artic.ba\/\",\"name\":\"Rent a Car Mostar\",\"description\":\"Car Rental Agency Mostar\",\"publisher\":{\"@id\":\"https:\/\/artic.ba\/#organization\"},\"potentialAction\":[{\"@type\":\"SearchAction\",\"target\":{\"@type\":\"EntryPoint\",\"urlTemplate\":\"https:\/\/artic.ba\/?s={search_term_string}\"},\"query-input\":\"required name=search_term_string\"}],\"inLanguage\":\"bs-BA\"},{\"@type\":\"Organization\",\"@id\":\"https:\/\/artic.ba\/#organization\",\"name\":\"Rent a Car Mostar - Artic Rent a Car\",\"url\":\"https:\/\/artic.ba\/\",\"logo\":{\"@type\":\"ImageObject\",\"inLanguage\":\"bs-BA\",\"@id\":\"https:\/\/artic.ba\/#\/schema\/logo\/image\/\",\"url\":\"https:\/\/artic.ba\/wp-content\/uploads\/2023\/03\/artic-new-logo-800.jpg\",\"contentUrl\":\"https:\/\/artic.ba\/wp-content\/uploads\/2023\/03\/artic-new-logo-800.jpg\",\"width\":800,\"height\":800,\"caption\":\"Rent a Car Mostar - Artic Rent a Car\"},\"image\":{\"@id\":\"https:\/\/artic.ba\/#\/schema\/logo\/image\/\"},\"sameAs\":[\"https:\/\/www.facebook.com\/Artic-Rent-a-Car-Mostar-549202751914507\",\"https:\/\/www.instagram.com\/articrentacar\/\"]}]}<\/script>\n<!-- \/ Yoast SEO plugin. -->","yoast_head_json":{"title":"Contact - Rent a Car Mostar","description":"Contact. Rent a Car Mostar Artic Trade. Car rental. Hire Car Mostar. Najam vozila Mostar. Rent a Car Agencija. Renta Car Mostar. Mostar rent.","robots":{"index":"index","follow":"follow","max-snippet":"max-snippet:-1","max-image-preview":"max-image-preview:large","max-video-preview":"max-video-preview:-1"},"canonical":"https:\/\/artic.ba\/bs\/contact\/","og_locale":"bs_BA","og_type":"article","og_title":"Contact - Rent a Car Mostar","og_description":"Contact. Rent a Car Mostar Artic Trade. Car rental. Hire Car Mostar. Najam vozila Mostar. Rent a Car Agencija. Renta Car Mostar. Mostar rent.","og_url":"https:\/\/artic.ba\/bs\/contact\/","og_site_name":"Rent a Car Mostar","article_publisher":"https:\/\/www.facebook.com\/Artic-Rent-a-Car-Mostar-549202751914507","article_modified_time":"2022-05-04T09:07:42+00:00","og_image":[{"width":1200,"height":630,"url":"https:\/\/artic.ba\/wp-content\/uploads\/2023\/03\/Ren-A-Car-Mostar-Artic-Trade.gif","type":"image\/gif"}],"twitter_card":"summary_large_image","twitter_misc":{"Est. reading time":"1 minuta"},"schema":{"@context":"https:\/\/schema.org","@graph":[{"@type":"WebPage","@id":"https:\/\/artic.ba\/contact\/","url":"https:\/\/artic.ba\/contact\/","name":"Contact - Rent a Car Mostar","isPartOf":{"@id":"https:\/\/artic.ba\/#website"},"datePublished":"2017-03-14T05:01:30+00:00","dateModified":"2022-05-04T09:07:42+00:00","description":"Contact. Rent a Car Mostar Artic Trade. Car rental. Hire Car Mostar. Najam vozila Mostar. Rent a Car Agencija. Renta Car Mostar. Mostar rent.","breadcrumb":{"@id":"https:\/\/artic.ba\/contact\/#breadcrumb"},"inLanguage":"bs-BA","potentialAction":[{"@type":"ReadAction","target":["https:\/\/artic.ba\/contact\/"]}]},{"@type":"BreadcrumbList","@id":"https:\/\/artic.ba\/contact\/#breadcrumb","itemListElement":[{"@type":"ListItem","position":1,"name":"Home","item":"https:\/\/artic.ba\/"},{"@type":"ListItem","position":2,"name":"Contact"}]},{"@type":"WebSite","@id":"https:\/\/artic.ba\/#website","url":"https:\/\/artic.ba\/","name":"Rent a Car Mostar","description":"Car Rental Agency Mostar","publisher":{"@id":"https:\/\/artic.ba\/#organization"},"potentialAction":[{"@type":"SearchAction","target":{"@type":"EntryPoint","urlTemplate":"https:\/\/artic.ba\/?s={search_term_string}"},"query-input":"required name=search_term_string"}],"inLanguage":"bs-BA"},{"@type":"Organization","@id":"https:\/\/artic.ba\/#organization","name":"Rent a Car Mostar - Artic Rent a Car","url":"https:\/\/artic.ba\/","logo":{"@type":"ImageObject","inLanguage":"bs-BA","@id":"https:\/\/artic.ba\/#\/schema\/logo\/image\/","url":"https:\/\/artic.ba\/wp-content\/uploads\/2023\/03\/artic-new-logo-800.jpg","contentUrl":"https:\/\/artic.ba\/wp-content\/uploads\/2023\/03\/artic-new-logo-800.jpg","width":800,"height":800,"caption":"Rent a Car Mostar - Artic Rent a Car"},"image":{"@id":"https:\/\/artic.ba\/#\/schema\/logo\/image\/"},"sameAs":["https:\/\/www.facebook.com\/Artic-Rent-a-Car-Mostar-549202751914507","https:\/\/www.instagram.com\/articrentacar\/"]}]}},"_links":{"self":[{"href":"https:\/\/artic.ba\/bs\/wp-json\/wp\/v2\/pages\/253","targetHints":{"allow":["GET"]}}],"collection":[{"href":"https:\/\/artic.ba\/bs\/wp-json\/wp\/v2\/pages"}],"about":[{"href":"https:\/\/artic.ba\/bs\/wp-json\/wp\/v2\/types\/page"}],"author":[{"embeddable":true,"href":"https:\/\/artic.ba\/bs\/wp-json\/wp\/v2\/users\/1"}],"replies":[{"embeddable":true,"href":"https:\/\/artic.ba\/bs\/wp-json\/wp\/v2\/comments?post=253"}],"version-history":[{"count":8,"href":"https:\/\/artic.ba\/bs\/wp-json\/wp\/v2\/pages\/253\/revisions"}],"predecessor-version":[{"id":3152,"href":"https:\/\/artic.ba\/bs\/wp-json\/wp\/v2\/pages\/253\/revisions\/3152"}],"wp:attachment":[{"href":"https:\/\/artic.ba\/bs\/wp-json\/wp\/v2\/media?parent=253"}],"curies":[{"name":"wp","href":"https:\/\/api.w.org\/{rel}","templated":true}]}}