{"id":563,"date":"2017-08-19T04:14:17","date_gmt":"2017-08-19T02:14:17","guid":{"rendered":"http:\/\/grupored.inteligencia-web.com\/?page_id=563"},"modified":"2022-04-26T13:47:16","modified_gmt":"2022-04-26T13:47:16","slug":"faq","status":"publish","type":"page","link":"https:\/\/artic.ba\/bs\/faq\/","title":{"rendered":"FAQ"},"content":{"rendered":"<div class=\"vc_row wpb_row vc_row-fluid vc-slider-bg vc-slider-bg-33301\"><div class=\"wpb_column vc_column_container vc_col-sm-2\"><div class=\"vc_column-inner\"><div class=\"wpb_wrapper\"><\/div><\/div><\/div><div class=\"wpb_column vc_column_container vc_col-sm-8\"><div class=\"vc_column-inner\"><div class=\"wpb_wrapper\"><div class=\"fancy-title align_center\"><h2 class=\"vc_underline_title vc_title\">Osnovna pitanja<\/h2><div class=\"vc_underline secondary_color_background\"><\/div><\/div>\n\t<div class=\"wpb_text_column wpb_content_element\" >\n\t\t<div class=\"wpb_wrapper\">\n\t\t\t<p style=\"text-align: center;\" class=\" translation-block\">You\u2019ll find in this section all the frequently asked question.<br>\r\nIf you need further information, feel free to <a href=\"https:\/\/artic.ba\/contact\/\" target=\"_self\">Contact us<\/a>.<\/p>\n\n\t\t<\/div>\n\t<\/div>\n<div id=\"1503108365184-6651c676-ed6b\" class=\"vc_toggle vc_toggle_arrow vc_toggle_color_secondary_color  vc_toggle_size_lg\"><div class=\"vc_toggle_title\"><h4>Da li su vozila osigurana?<\/h4><i class=\"vc_toggle_icon\"><\/i><\/div><div class=\"vc_toggle_content\"><p>Da, sva na\u0161a vozila imaju obavezno gra\u0111ansko i KASCO osiguranje.<\/p>\n<\/div><\/div><div id=\"1503108436210-880cdb63-6785\" class=\"vc_toggle vc_toggle_arrow vc_toggle_color_secondary_color  vc_toggle_size_md\"><div class=\"vc_toggle_title\"><h4>Koji su na\u010dini pla\u0107anja usluga iznajmljivanja automobila?<\/h4><i class=\"vc_toggle_icon\"><\/i><\/div><div class=\"vc_toggle_content\"><p>Mo\u017eete platiti gotovinom, Paypalom ili bankovnim transferom.<\/p>\n<\/div><\/div><div id=\"1503108588928-b0e0c6e4-4e6a\" class=\"vc_toggle vc_toggle_arrow vc_toggle_color_default  vc_toggle_size_md\"><div class=\"vc_toggle_title\"><h4>Kako da iznajmim automobil?<\/h4><i class=\"vc_toggle_icon\"><\/i><\/div><div class=\"vc_toggle_content\"><p>Auto mo\u017eete iznajmiti jednostavnim klikom na po\u010detno dugme u meniju ili pozivom na +387 61 839 140. Ako odlu\u010dite da rezervi\u0161ete auto online, mi \u0107emo vas kontaktirati da potvrdimo va\u0161u rezervaciju.<\/p>\n<\/div><\/div><div id=\"1503108650445-c76d15ae-321e\" class=\"vc_toggle vc_toggle_arrow vc_toggle_color_default  vc_toggle_size_md\"><div class=\"vc_toggle_title\"><h4>Mogu li promijeniti auto nakon rezervacije?<\/h4><i class=\"vc_toggle_icon\"><\/i><\/div><div class=\"vc_toggle_content\"><p>Da. Ukoliko \u017eelite da promijenite ili otka\u017eete svoju rezervaciju automobila nakon \u0161to je odobrite, pozovite +387 61 839 140 ili nas kontaktirajte putem kontakata navedenih na stranici Kontakti.<\/p>\n<\/div><\/div><div  class=\"vc_toggle vc_toggle_arrow vc_toggle_color_default  vc_toggle_size_md\"><div class=\"vc_toggle_title\"><h4>Odakle mogu uzeti auto i gdje da ga vratim?<\/h4><i class=\"vc_toggle_icon\"><\/i><\/div><div class=\"vc_toggle_content\"><p>Auto mo\u017eete preuzeti na adresi Mostarskog bataljona bb, 88000, Mostar. Ukoliko ste rezervisali automobil du\u017ee od tri dana, mo\u017eemo ga dostaviti na lokaciju po Va\u0161em izboru. Auto se mora vratiti na dogovorenu lokaciju u BiH.<\/p>\n<\/div><\/div><div  class=\"vc_toggle vc_toggle_arrow vc_toggle_color_default  vc_toggle_size_md\"><div class=\"vc_toggle_title\"><h4>\u0160ta da radim ako se auto pokvari?<\/h4><i class=\"vc_toggle_icon\"><\/i><\/div><div class=\"vc_toggle_content\"><p>Ako vam se auto pokvari, odmah nas pozovite na +387 61 839 140<\/p>\n<\/div><\/div><div  class=\"vc_toggle vc_toggle_arrow vc_toggle_color_default  vc_toggle_size_md\"><div class=\"vc_toggle_title\"><h4>Dostavljate li automobile izvan Mostara?<\/h4><i class=\"vc_toggle_icon\"><\/i><\/div><div class=\"vc_toggle_content\"><p>Da, mi \u0107emo Vam dostaviti automobil na lokaciju po Va\u0161em izboru uz dodatnu cijenu.<\/p>\n<\/div><\/div><div  class=\"vc_toggle vc_toggle_arrow vc_toggle_color_default  vc_toggle_size_md\"><div class=\"vc_toggle_title\"><h4>Kada vas mogu kontaktirati?<\/h4><i class=\"vc_toggle_icon\"><\/i><\/div><div class=\"vc_toggle_content\"><p>Mo\u017eete nas pozvati od 06:00 do 23:00 na br. +387 61 839 140<\/p>\n<\/div><\/div><div  class=\"vc_toggle vc_toggle_arrow vc_toggle_color_default  vc_toggle_size_md\"><div class=\"vc_toggle_title\"><h4>Ima li mapa u autu?<\/h4><i class=\"vc_toggle_icon\"><\/i><\/div><div class=\"vc_toggle_content\"><p>Da, ako \u017eelite, mi \u0107emo besplatno obezbijediti karte Bosne i Hercegovine.<\/p>\n<\/div><\/div><div class=\"vc_empty_space\"   style=\"height: 32px\"><span class=\"vc_empty_space_inner\"><\/span><\/div><\/div><\/div><\/div><div class=\"wpb_column vc_column_container vc_col-sm-2\"><div class=\"vc_column-inner\"><div class=\"wpb_wrapper\"><\/div><\/div><\/div><\/div>","protected":false},"excerpt":{"rendered":"General Questions You\u2019ll find in this section all the frequently asked question. If you need further information, feel free to Contact us. Are the vehicles insured?Yes, all our vehicles have mandatory Civil and CASCO insurances. What are the methods of payment for the car rental services?You can pay by cash, Paypal or by bank transfer. [...]","protected":false},"author":1,"featured_media":0,"parent":0,"menu_order":0,"comment_status":"closed","ping_status":"closed","template":"","meta":{"footnotes":"","_links_to":"","_links_to_target":""},"class_list":["post-563","page","type-page","status-publish","hentry"],"yoast_head":"<!-- This site is optimized with the Yoast SEO plugin v22.3 - https:\/\/yoast.com\/wordpress\/plugins\/seo\/ -->\n<title>FAQ - Rent a Car Mostar<\/title>\n<meta name=\"description\" content=\"Rent a Car Mostar Artic Trade. Car rental. Hire Car Mostar. Najam vozila Mostar. Rent a Car Agencija. Renta Car Mostar. Mostar rent.\" \/>\n<meta name=\"robots\" content=\"index, follow, max-snippet:-1, max-image-preview:large, max-video-preview:-1\" \/>\n<link rel=\"canonical\" href=\"https:\/\/artic.ba\/bs\/faq\/\" \/>\n<meta property=\"og:locale\" content=\"bs_BA\" \/>\n<meta property=\"og:type\" content=\"article\" \/>\n<meta property=\"og:title\" content=\"FAQ - Rent a Car Mostar\" \/>\n<meta property=\"og:description\" content=\"Rent a Car Mostar Artic Trade. Car rental. Hire Car Mostar. Najam vozila Mostar. Rent a Car Agencija. Renta Car Mostar. Mostar rent.\" \/>\n<meta property=\"og:url\" content=\"https:\/\/artic.ba\/bs\/faq\/\" \/>\n<meta property=\"og:site_name\" content=\"Rent a Car Mostar\" \/>\n<meta property=\"article:publisher\" content=\"https:\/\/www.facebook.com\/Artic-Rent-a-Car-Mostar-549202751914507\" \/>\n<meta property=\"article:modified_time\" content=\"2022-04-26T13:47:16+00:00\" \/>\n<meta property=\"og:image\" content=\"https:\/\/artic.ba\/wp-content\/uploads\/2023\/03\/Ren-A-Car-Mostar-Artic-Trade.gif\" \/>\n\t<meta property=\"og:image:width\" content=\"1200\" \/>\n\t<meta property=\"og:image:height\" content=\"630\" \/>\n\t<meta property=\"og:image:type\" content=\"image\/gif\" \/>\n<meta name=\"twitter:card\" content=\"summary_large_image\" \/>\n<meta name=\"twitter:label1\" content=\"Est. reading time\" \/>\n\t<meta name=\"twitter:data1\" content=\"2 minute\" \/>\n<script type=\"application\/ld+json\" class=\"yoast-schema-graph\">{\"@context\":\"https:\/\/schema.org\",\"@graph\":[{\"@type\":\"WebPage\",\"@id\":\"https:\/\/artic.ba\/faq\/\",\"url\":\"https:\/\/artic.ba\/faq\/\",\"name\":\"FAQ - Rent a Car Mostar\",\"isPartOf\":{\"@id\":\"https:\/\/artic.ba\/#website\"},\"datePublished\":\"2017-08-19T02:14:17+00:00\",\"dateModified\":\"2022-04-26T13:47:16+00:00\",\"description\":\"Rent a Car Mostar Artic Trade. Car rental. Hire Car Mostar. Najam vozila Mostar. Rent a Car Agencija. Renta Car Mostar. Mostar rent.\",\"breadcrumb\":{\"@id\":\"https:\/\/artic.ba\/faq\/#breadcrumb\"},\"inLanguage\":\"bs-BA\",\"potentialAction\":[{\"@type\":\"ReadAction\",\"target\":[\"https:\/\/artic.ba\/faq\/\"]}]},{\"@type\":\"BreadcrumbList\",\"@id\":\"https:\/\/artic.ba\/faq\/#breadcrumb\",\"itemListElement\":[{\"@type\":\"ListItem\",\"position\":1,\"name\":\"Home\",\"item\":\"https:\/\/artic.ba\/\"},{\"@type\":\"ListItem\",\"position\":2,\"name\":\"FAQ\"}]},{\"@type\":\"WebSite\",\"@id\":\"https:\/\/artic.ba\/#website\",\"url\":\"https:\/\/artic.ba\/\",\"name\":\"Rent a Car Mostar\",\"description\":\"Car Rental Agency Mostar\",\"publisher\":{\"@id\":\"https:\/\/artic.ba\/#organization\"},\"potentialAction\":[{\"@type\":\"SearchAction\",\"target\":{\"@type\":\"EntryPoint\",\"urlTemplate\":\"https:\/\/artic.ba\/?s={search_term_string}\"},\"query-input\":\"required name=search_term_string\"}],\"inLanguage\":\"bs-BA\"},{\"@type\":\"Organization\",\"@id\":\"https:\/\/artic.ba\/#organization\",\"name\":\"Rent a Car Mostar - Artic Rent a Car\",\"url\":\"https:\/\/artic.ba\/\",\"logo\":{\"@type\":\"ImageObject\",\"inLanguage\":\"bs-BA\",\"@id\":\"https:\/\/artic.ba\/#\/schema\/logo\/image\/\",\"url\":\"https:\/\/artic.ba\/wp-content\/uploads\/2023\/03\/artic-new-logo-800.jpg\",\"contentUrl\":\"https:\/\/artic.ba\/wp-content\/uploads\/2023\/03\/artic-new-logo-800.jpg\",\"width\":800,\"height\":800,\"caption\":\"Rent a Car Mostar - Artic Rent a Car\"},\"image\":{\"@id\":\"https:\/\/artic.ba\/#\/schema\/logo\/image\/\"},\"sameAs\":[\"https:\/\/www.facebook.com\/Artic-Rent-a-Car-Mostar-549202751914507\",\"https:\/\/www.instagram.com\/articrentacar\/\"]}]}<\/script>\n<!-- \/ Yoast SEO plugin. -->","yoast_head_json":{"title":"FAQ - Rent a Car Mostar","description":"Rent a Car Mostar Artic Trade. Car rental. Hire Car Mostar. Najam vozila Mostar. Rent a Car Agencija. Renta Car Mostar. Mostar rent.","robots":{"index":"index","follow":"follow","max-snippet":"max-snippet:-1","max-image-preview":"max-image-preview:large","max-video-preview":"max-video-preview:-1"},"canonical":"https:\/\/artic.ba\/bs\/faq\/","og_locale":"bs_BA","og_type":"article","og_title":"FAQ - Rent a Car Mostar","og_description":"Rent a Car Mostar Artic Trade. Car rental. Hire Car Mostar. Najam vozila Mostar. Rent a Car Agencija. Renta Car Mostar. Mostar rent.","og_url":"https:\/\/artic.ba\/bs\/faq\/","og_site_name":"Rent a Car Mostar","article_publisher":"https:\/\/www.facebook.com\/Artic-Rent-a-Car-Mostar-549202751914507","article_modified_time":"2022-04-26T13:47:16+00:00","og_image":[{"width":1200,"height":630,"url":"https:\/\/artic.ba\/wp-content\/uploads\/2023\/03\/Ren-A-Car-Mostar-Artic-Trade.gif","type":"image\/gif"}],"twitter_card":"summary_large_image","twitter_misc":{"Est. reading time":"2 minute"},"schema":{"@context":"https:\/\/schema.org","@graph":[{"@type":"WebPage","@id":"https:\/\/artic.ba\/faq\/","url":"https:\/\/artic.ba\/faq\/","name":"FAQ - Rent a Car Mostar","isPartOf":{"@id":"https:\/\/artic.ba\/#website"},"datePublished":"2017-08-19T02:14:17+00:00","dateModified":"2022-04-26T13:47:16+00:00","description":"Rent a Car Mostar Artic Trade. Car rental. Hire Car Mostar. Najam vozila Mostar. Rent a Car Agencija. Renta Car Mostar. Mostar rent.","breadcrumb":{"@id":"https:\/\/artic.ba\/faq\/#breadcrumb"},"inLanguage":"bs-BA","potentialAction":[{"@type":"ReadAction","target":["https:\/\/artic.ba\/faq\/"]}]},{"@type":"BreadcrumbList","@id":"https:\/\/artic.ba\/faq\/#breadcrumb","itemListElement":[{"@type":"ListItem","position":1,"name":"Home","item":"https:\/\/artic.ba\/"},{"@type":"ListItem","position":2,"name":"FAQ"}]},{"@type":"WebSite","@id":"https:\/\/artic.ba\/#website","url":"https:\/\/artic.ba\/","name":"Rent a Car Mostar","description":"Car Rental Agency Mostar","publisher":{"@id":"https:\/\/artic.ba\/#organization"},"potentialAction":[{"@type":"SearchAction","target":{"@type":"EntryPoint","urlTemplate":"https:\/\/artic.ba\/?s={search_term_string}"},"query-input":"required name=search_term_string"}],"inLanguage":"bs-BA"},{"@type":"Organization","@id":"https:\/\/artic.ba\/#organization","name":"Rent a Car Mostar - Artic Rent a Car","url":"https:\/\/artic.ba\/","logo":{"@type":"ImageObject","inLanguage":"bs-BA","@id":"https:\/\/artic.ba\/#\/schema\/logo\/image\/","url":"https:\/\/artic.ba\/wp-content\/uploads\/2023\/03\/artic-new-logo-800.jpg","contentUrl":"https:\/\/artic.ba\/wp-content\/uploads\/2023\/03\/artic-new-logo-800.jpg","width":800,"height":800,"caption":"Rent a Car Mostar - Artic Rent a Car"},"image":{"@id":"https:\/\/artic.ba\/#\/schema\/logo\/image\/"},"sameAs":["https:\/\/www.facebook.com\/Artic-Rent-a-Car-Mostar-549202751914507","https:\/\/www.instagram.com\/articrentacar\/"]}]}},"_links":{"self":[{"href":"https:\/\/artic.ba\/bs\/wp-json\/wp\/v2\/pages\/563","targetHints":{"allow":["GET"]}}],"collection":[{"href":"https:\/\/artic.ba\/bs\/wp-json\/wp\/v2\/pages"}],"about":[{"href":"https:\/\/artic.ba\/bs\/wp-json\/wp\/v2\/types\/page"}],"author":[{"embeddable":true,"href":"https:\/\/artic.ba\/bs\/wp-json\/wp\/v2\/users\/1"}],"replies":[{"embeddable":true,"href":"https:\/\/artic.ba\/bs\/wp-json\/wp\/v2\/comments?post=563"}],"version-history":[{"count":4,"href":"https:\/\/artic.ba\/bs\/wp-json\/wp\/v2\/pages\/563\/revisions"}],"predecessor-version":[{"id":3124,"href":"https:\/\/artic.ba\/bs\/wp-json\/wp\/v2\/pages\/563\/revisions\/3124"}],"wp:attachment":[{"href":"https:\/\/artic.ba\/bs\/wp-json\/wp\/v2\/media?parent=563"}],"curies":[{"name":"wp","href":"https:\/\/api.w.org\/{rel}","templated":true}]}}