{"id":597,"date":"2017-08-19T10:49:03","date_gmt":"2017-08-19T10:49:03","guid":{"rendered":"http:\/\/grupored.inteligencia-web.com\/?page_id=597"},"modified":"2022-04-26T08:27:35","modified_gmt":"2022-04-26T08:27:35","slug":"cars-price-table","status":"publish","type":"page","link":"https:\/\/artic.ba\/bs\/cars-price-table\/","title":{"rendered":"Cjenovnik"},"content":{"rendered":"<div class=\"vc_row wpb_row vc_row-fluid vc-slider-bg vc-slider-bg-459882\"><div class=\"wpb_column vc_column_container vc_col-sm-12\"><div class=\"vc_column-inner\"><div class=\"wpb_wrapper\"><div id=\"prices-table421746\">    <div class=\"car-rental-price-table\">\r\n        <table class=\"price-table table-striped\" id=\"items_price_table\">\r\n            <thead>\r\n            <tr class=\"classified-item-table-labels\">\r\n                <th colspan=\"2\" class=\"classified-item-label\">\r\n\t\t\t\t\tCar Model \/ Day price:\r\n                <\/th>\r\n\t\t\t\t<th class=\"item-price-on-duration\"><span title=\"Period\">1-3 days<\/span><\/th><th class=\"item-price-on-duration\"><span title=\"Period\">4-7 days<\/span><\/th><th class=\"item-price-on-duration\"><span title=\"Period\">8-14 days<\/span><\/th><th class=\"item-price-on-duration\"><span title=\"Period\">15-29 days<\/span><\/th><th class=\"item-price-on-duration\"><span title=\"Period\">30-365 days<\/span><\/th><th class=\"item-deposit\">Deposit<\/th>            <\/tr>\r\n            <\/thead>\r\n            <tbody>\r\n\t\t\t<tr><td class=\"item-type-label\" colspan=\"8\">Kompaktno<\/td><\/tr><tr class=\"car-rental-price-table-item\"><td class=\"item-image\"><a class=\"fancybox\" href=\"https:\/\/artic.ba\/wp-content\/uploads\/CarRentalGallery\/1650669546_skoda-fabia-1.png\" title=\"\u0160koda Fabia \"><img decoding=\"async\" src=\"https:\/\/artic.ba\/wp-content\/uploads\/CarRentalGallery\/mini_thumb_1650669546_skoda-fabia-1.png\" alt=\"\u0160koda Fabia \" \/><\/a><\/td><td class=\"item-description\"><a href=\"https:\/\/artic.ba\/bs\/car-model\/skoda-fabia\/\" title=\"Show car model description\"><span class=\"item-name\">\u0160koda Fabia<\/span><\/a><br \/>Gearbox: Manual<\/td><td class=\"item-price-on-duration\"><div title=\"&euro; 58,00, with applied &euro; 0,0 discount\">58 EUR<\/div><\/td><td class=\"item-price-on-duration\"><div title=\"&euro; 43,50, with applied &euro; 14,5 discount\">44 EUR<\/div><\/td><td class=\"item-price-on-duration\"><div title=\"&euro; 38,67, with applied &euro; 19,3 discount\">39 EUR<\/div><\/td><td class=\"item-price-on-duration\"><div title=\"&euro; 33,82, with applied &euro; 24,2 discount\">34 EUR<\/div><\/td><td class=\"item-price-on-duration\"><div title=\"&euro; 28,99, with applied &euro; 29,0 discount\">29 EUR<\/div><\/td><td class=\"item-deposit\"><strong>100 EUR<\/strong><\/td><\/tr><tr class=\"car-rental-price-table-item\"><td class=\"item-image\"><a class=\"fancybox\" href=\"https:\/\/artic.ba\/wp-content\/uploads\/CarRentalGallery\/1650669705_skoda-fabia-wagon.png\" title=\"\u0160koda Fabia Wagon \"><img decoding=\"async\" src=\"https:\/\/artic.ba\/wp-content\/uploads\/CarRentalGallery\/mini_thumb_1650669705_skoda-fabia-wagon.png\" alt=\"\u0160koda Fabia Wagon \" \/><\/a><\/td><td class=\"item-description\"><a href=\"https:\/\/artic.ba\/bs\/car-model\/skoda-fabia-wagon\/\" title=\"Show car model description\"><span class=\"item-name\">\u0160koda Fabia Wagon<\/span><\/a><br \/>Gearbox: Manual<\/td><td class=\"item-price-on-duration\"><div title=\"&euro; 65,01, with applied &euro; 0,0 discount\">65 EUR<\/div><\/td><td class=\"item-price-on-duration\"><div title=\"&euro; 48,75, with applied &euro; 16,3 discount\">49 EUR<\/div><\/td><td class=\"item-price-on-duration\"><div title=\"&euro; 43,56, with applied &euro; 21,4 discount\">44 EUR<\/div><\/td><td class=\"item-price-on-duration\"><div title=\"&euro; 39,01, with applied &euro; 26,0 discount\">39 EUR<\/div><\/td><td class=\"item-price-on-duration\"><div title=\"&euro; 32,50, with applied &euro; 32,5 discount\">33 EUR<\/div><\/td><td class=\"item-deposit\"><strong>100 EUR<\/strong><\/td><\/tr><tr><td class=\"item-type-label\" colspan=\"8\">Limuzina<\/td><\/tr><tr class=\"car-rental-price-table-item\"><td class=\"item-image\"><a class=\"fancybox\" href=\"https:\/\/artic.ba\/wp-content\/uploads\/CarRentalGallery\/skoda-octavia-Selection.png\" title=\"\u0160koda Octavia \"><img decoding=\"async\" src=\"https:\/\/artic.ba\/wp-content\/uploads\/CarRentalGallery\/mini_thumb_skoda-octavia-Selection.png\" alt=\"\u0160koda Octavia \" \/><\/a><\/td><td class=\"item-description\"><a href=\"https:\/\/artic.ba\/bs\/car-model\/skoda-octavia\/\" title=\"Show car model description\"><span class=\"item-name\">\u0160koda Octavia<\/span><\/a><br \/>Gearbox: Automatic<\/td><td class=\"item-price-on-duration\"><div title=\"&euro; 117,00, with applied &euro; 0,0 discount\">117 EUR<\/div><\/td><td class=\"item-price-on-duration\"><div title=\"&euro; 95,73, with applied &euro; 21,3 discount\">96 EUR<\/div><\/td><td class=\"item-price-on-duration\"><div title=\"&euro; 85,09, with applied &euro; 31,9 discount\">85 EUR<\/div><\/td><td class=\"item-price-on-duration\"><div title=\"&euro; 73,71, with applied &euro; 43,3 discount\">74 EUR<\/div><\/td><td class=\"item-price-on-duration\"><div title=\"&euro; 63,82, with applied &euro; 53,2 discount\">64 EUR<\/div><\/td><td class=\"item-deposit\"><strong>300 EUR<\/strong><\/td><\/tr><tr class=\"car-rental-price-table-item\"><td class=\"item-image\"><a class=\"fancybox\" href=\"https:\/\/artic.ba\/wp-content\/uploads\/CarRentalGallery\/skoda-rapid.jpg\" title=\"\u0160koda Rapid \"><img decoding=\"async\" src=\"https:\/\/artic.ba\/wp-content\/uploads\/CarRentalGallery\/mini_thumb_skoda-rapid.jpg\" alt=\"\u0160koda Rapid \" \/><\/a><\/td><td class=\"item-description\"><a href=\"https:\/\/artic.ba\/bs\/car-model\/skoda-rapid\/\" title=\"Show car model description\"><span class=\"item-name\">\u0160koda Rapid<\/span><\/a><br \/>Gearbox: Manual<\/td><td class=\"item-price-on-duration\"><div title=\"&euro; 83,99, with applied &euro; 0,0 discount\">84 EUR<\/div><\/td><td class=\"item-price-on-duration\"><div title=\"&euro; 61,59, with applied &euro; 22,4 discount\">62 EUR<\/div><\/td><td class=\"item-price-on-duration\"><div title=\"&euro; 56,00, with applied &euro; 28,0 discount\">56 EUR<\/div><\/td><td class=\"item-price-on-duration\"><div title=\"&euro; 50,39, with applied &euro; 33,6 discount\">50 EUR<\/div><\/td><td class=\"item-price-on-duration\"><div title=\"&euro; 44,80, with applied &euro; 39,2 discount\">45 EUR<\/div><\/td><td class=\"item-deposit\"><strong>200 EUR<\/strong><\/td><\/tr><tr class=\"car-rental-price-table-item\"><td class=\"item-image\"><a class=\"fancybox\" href=\"https:\/\/artic.ba\/wp-content\/uploads\/CarRentalGallery\/1650670894_skoda-scala.png\" title=\"\u0160koda Scala \"><img decoding=\"async\" src=\"https:\/\/artic.ba\/wp-content\/uploads\/CarRentalGallery\/mini_thumb_1650670894_skoda-scala.png\" alt=\"\u0160koda Scala \" \/><\/a><\/td><td class=\"item-description\"><a href=\"https:\/\/artic.ba\/bs\/car-model\/skoda-scala\/\" title=\"Show car model description\"><span class=\"item-name\">\u0160koda Scala<\/span><\/a><br \/>Gearbox: Manual<\/td><td class=\"item-price-on-duration\"><div title=\"&euro; 83,99, with applied &euro; 0,0 discount\">84 EUR<\/div><\/td><td class=\"item-price-on-duration\"><div title=\"&euro; 61,59, with applied &euro; 22,4 discount\">62 EUR<\/div><\/td><td class=\"item-price-on-duration\"><div title=\"&euro; 56,00, with applied &euro; 28,0 discount\">56 EUR<\/div><\/td><td class=\"item-price-on-duration\"><div title=\"&euro; 50,39, with applied &euro; 33,6 discount\">50 EUR<\/div><\/td><td class=\"item-price-on-duration\"><div title=\"&euro; 44,80, with applied &euro; 39,2 discount\">45 EUR<\/div><\/td><td class=\"item-deposit\"><strong>200 EUR<\/strong><\/td><\/tr><tr class=\"car-rental-price-table-item\"><td class=\"item-image\"><a class=\"fancybox\" href=\"https:\/\/artic.ba\/wp-content\/uploads\/CarRentalGallery\/Skoda-Superb-ng-m67-introduction.png\" title=\"\u0160koda SuperB \"><img decoding=\"async\" src=\"https:\/\/artic.ba\/wp-content\/uploads\/CarRentalGallery\/mini_thumb_Skoda-Superb-ng-m67-introduction.png\" alt=\"\u0160koda SuperB \" \/><\/a><\/td><td class=\"item-description\"><a href=\"https:\/\/artic.ba\/bs\/car-model\/skoda-superb\/\" title=\"Show car model description\"><span class=\"item-name\">\u0160koda SuperB<\/span><\/a><br \/>Gearbox: Automatic<\/td><td class=\"item-price-on-duration\"><div title=\"&euro; 122,00, with applied &euro; 0,0 discount\">122 EUR<\/div><\/td><td class=\"item-price-on-duration\"><div title=\"&euro; 97,60, with applied &euro; 24,4 discount\">98 EUR<\/div><\/td><td class=\"item-price-on-duration\"><div title=\"&euro; 89,06, with applied &euro; 32,9 discount\">89 EUR<\/div><\/td><td class=\"item-price-on-duration\"><div title=\"&euro; 79,91, with applied &euro; 42,1 discount\">80 EUR<\/div><\/td><td class=\"item-price-on-duration\"><div title=\"&euro; 71,16, with applied &euro; 50,8 discount\">71 EUR<\/div><\/td><td class=\"item-deposit\"><strong>400 EUR<\/strong><\/td><\/tr><tr class=\"car-rental-price-table-item\"><td class=\"item-image\"><a class=\"fancybox\" href=\"https:\/\/artic.ba\/wp-content\/uploads\/CarRentalGallery\/passat.png\" title=\"VW Passat \"><img decoding=\"async\" src=\"https:\/\/artic.ba\/wp-content\/uploads\/CarRentalGallery\/mini_thumb_passat.png\" alt=\"VW Passat \" \/><\/a><\/td><td class=\"item-description\"><a href=\"https:\/\/artic.ba\/bs\/car-model\/vw-passat\/\" title=\"Show car model description\"><span class=\"item-name\">VW Passat<\/span><\/a><br \/>Gearbox: Manual<\/td><td class=\"item-price-on-duration\"><div title=\"&euro; 122,00, with applied &euro; 0,0 discount\">122 EUR<\/div><\/td><td class=\"item-price-on-duration\"><div title=\"&euro; 97,60, with applied &euro; 24,4 discount\">98 EUR<\/div><\/td><td class=\"item-price-on-duration\"><div title=\"&euro; 89,06, with applied &euro; 32,9 discount\">89 EUR<\/div><\/td><td class=\"item-price-on-duration\"><div title=\"&euro; 79,91, with applied &euro; 42,1 discount\">80 EUR<\/div><\/td><td class=\"item-price-on-duration\"><div title=\"&euro; 71,16, with applied &euro; 50,8 discount\">71 EUR<\/div><\/td><td class=\"item-deposit\"><strong>400 EUR<\/strong><\/td><\/tr><tr><td class=\"item-type-label\" colspan=\"8\">Terenac<\/td><\/tr><tr class=\"car-rental-price-table-item\"><td class=\"item-image\"><a class=\"fancybox\" href=\"https:\/\/artic.ba\/wp-content\/uploads\/CarRentalGallery\/Skoda-Karoq2.png\" title=\"\u0160koda Karoq \"><img decoding=\"async\" src=\"https:\/\/artic.ba\/wp-content\/uploads\/CarRentalGallery\/mini_thumb_Skoda-Karoq2.png\" alt=\"\u0160koda Karoq \" \/><\/a><\/td><td class=\"item-description\"><a href=\"https:\/\/artic.ba\/bs\/car-model\/skoda-karoq\/\" title=\"Show car model description\"><span class=\"item-name\">\u0160koda Karoq<\/span><\/a><br \/>Gearbox: Automatic<\/td><td class=\"item-price-on-duration\"><div title=\"&euro; 130,00, with applied &euro; 0,0 discount\">130 EUR<\/div><\/td><td class=\"item-price-on-duration\"><div title=\"&euro; 104,00, with applied &euro; 26,0 discount\">104 EUR<\/div><\/td><td class=\"item-price-on-duration\"><div title=\"&euro; 94,90, with applied &euro; 35,1 discount\">95 EUR<\/div><\/td><td class=\"item-price-on-duration\"><div title=\"&euro; 86,45, with applied &euro; 43,5 discount\">86 EUR<\/div><\/td><td class=\"item-price-on-duration\"><div title=\"&euro; 78,00, with applied &euro; 52,0 discount\">78 EUR<\/div><\/td><td class=\"item-deposit\"><strong>400 EUR<\/strong><\/td><\/tr><tr><td class=\"item-type-label\" colspan=\"8\">Kombi vozilo<\/td><\/tr><tr class=\"car-rental-price-table-item\"><td class=\"item-image\"><a class=\"fancybox\" href=\"https:\/\/artic.ba\/wp-content\/plugins\/FleetManagement\/UI\/CarRental\/DemoGallery\/car_opel-vivaro.jpg\" title=\"Opel Vivaro \"><img decoding=\"async\" src=\"https:\/\/artic.ba\/wp-content\/plugins\/FleetManagement\/UI\/CarRental\/DemoGallery\/mini_thumb_car_opel-vivaro.jpg\" alt=\"Opel Vivaro \" \/><\/a><\/td><td class=\"item-description\"><a href=\"https:\/\/artic.ba\/bs\/car-model\/opel-vivaro\/\" title=\"Show car model description\"><span class=\"item-name\">Opel Vivaro<\/span><\/a><br \/>Gearbox: Manual<\/td><td class=\"item-price-on-duration\"><div title=\"&euro; 175,00, with applied &euro; 0,0 discount\">175 EUR<\/div><\/td><td class=\"item-price-on-duration\"><div title=\"&euro; 131,25, with applied &euro; 43,7 discount\">131 EUR<\/div><\/td><td class=\"item-price-on-duration\"><div title=\"&euro; 114,62, with applied &euro; 60,4 discount\">115 EUR<\/div><\/td><td class=\"item-price-on-duration\"><div title=\"&euro; 101,50, with applied &euro; 73,5 discount\">101 EUR<\/div><\/td><td class=\"item-price-on-duration\"><div title=\"&euro; 87,49, with applied &euro; 87,5 discount\">87 EUR<\/div><\/td><td class=\"item-deposit\"><strong>400 EUR<\/strong><\/td><\/tr>            <\/tbody>\r\n        <\/table>\r\n    <\/div>\r\n<\/div><\/div><\/div><\/div><\/div>","protected":false},"excerpt":{"rendered":"Car Model \/ Day price: 1-3 days4-7 days8-14 days15-29 days30-365 daysDeposit Compact\u0160koda FabiaGearbox: Manual58 EUR44 EUR39 EUR34 EUR29 EUR100 EUR\u0160koda Fabia WagonGearbox: Manual65 EUR49 EUR44 EUR39 EUR33 EUR100 EURIntermediate\u0160koda OctaviaGearbox: Automatic117 EUR96 EUR85 EUR74 EUR64 EUR300 EUR\u0160koda RapidGearbox: Manual84 EUR62 EUR56 EUR50 EUR45 EUR200 EUR\u0160koda ScalaGearbox: Manual84 EUR62 EUR56 EUR50 EUR45 EUR200 EUR\u0160koda SuperBGearbox: Automatic122 [...]","protected":false},"author":1,"featured_media":0,"parent":0,"menu_order":0,"comment_status":"closed","ping_status":"closed","template":"","meta":{"footnotes":"","_links_to":"","_links_to_target":""},"class_list":["post-597","page","type-page","status-publish","hentry"],"yoast_head":"<!-- This site is optimized with the Yoast SEO plugin v22.3 - https:\/\/yoast.com\/wordpress\/plugins\/seo\/ -->\n<title>Cars price table - Rent a Car Mostar<\/title>\n<meta name=\"description\" content=\"Rent a Car Mostar Artic Trade. Car rental. Hire Car Mostar. Najam vozila Mostar. Rent a Car Agencija. Renta Car Mostar. Mostar rent.\" \/>\n<meta name=\"robots\" content=\"index, follow, max-snippet:-1, max-image-preview:large, max-video-preview:-1\" \/>\n<link rel=\"canonical\" href=\"https:\/\/artic.ba\/bs\/cars-price-table\/\" \/>\n<meta property=\"og:locale\" content=\"bs_BA\" \/>\n<meta property=\"og:type\" content=\"article\" \/>\n<meta property=\"og:title\" content=\"Cars price table - Rent a Car Mostar\" \/>\n<meta property=\"og:description\" content=\"Rent a Car Mostar Artic Trade. Car rental. Hire Car Mostar. Najam vozila Mostar. Rent a Car Agencija. Renta Car Mostar. Mostar rent.\" \/>\n<meta property=\"og:url\" content=\"https:\/\/artic.ba\/bs\/cars-price-table\/\" \/>\n<meta property=\"og:site_name\" content=\"Rent a Car Mostar\" \/>\n<meta property=\"article:publisher\" content=\"https:\/\/www.facebook.com\/Artic-Rent-a-Car-Mostar-549202751914507\" \/>\n<meta property=\"article:modified_time\" content=\"2022-04-26T08:27:35+00:00\" \/>\n<meta property=\"og:image\" content=\"https:\/\/artic.ba\/wp-content\/uploads\/2023\/03\/Ren-A-Car-Mostar-Artic-Trade.gif\" \/>\n\t<meta property=\"og:image:width\" content=\"1200\" \/>\n\t<meta property=\"og:image:height\" content=\"630\" \/>\n\t<meta property=\"og:image:type\" content=\"image\/gif\" \/>\n<meta name=\"twitter:card\" content=\"summary_large_image\" \/>\n<script type=\"application\/ld+json\" class=\"yoast-schema-graph\">{\"@context\":\"https:\/\/schema.org\",\"@graph\":[{\"@type\":\"WebPage\",\"@id\":\"https:\/\/artic.ba\/cars-price-table\/\",\"url\":\"https:\/\/artic.ba\/cars-price-table\/\",\"name\":\"Cars price table - Rent a Car Mostar\",\"isPartOf\":{\"@id\":\"https:\/\/artic.ba\/#website\"},\"datePublished\":\"2017-08-19T10:49:03+00:00\",\"dateModified\":\"2022-04-26T08:27:35+00:00\",\"description\":\"Rent a Car Mostar Artic Trade. Car rental. Hire Car Mostar. Najam vozila Mostar. Rent a Car Agencija. Renta Car Mostar. Mostar rent.\",\"breadcrumb\":{\"@id\":\"https:\/\/artic.ba\/cars-price-table\/#breadcrumb\"},\"inLanguage\":\"bs-BA\",\"potentialAction\":[{\"@type\":\"ReadAction\",\"target\":[\"https:\/\/artic.ba\/cars-price-table\/\"]}]},{\"@type\":\"BreadcrumbList\",\"@id\":\"https:\/\/artic.ba\/cars-price-table\/#breadcrumb\",\"itemListElement\":[{\"@type\":\"ListItem\",\"position\":1,\"name\":\"Home\",\"item\":\"https:\/\/artic.ba\/\"},{\"@type\":\"ListItem\",\"position\":2,\"name\":\"Cars price table\"}]},{\"@type\":\"WebSite\",\"@id\":\"https:\/\/artic.ba\/#website\",\"url\":\"https:\/\/artic.ba\/\",\"name\":\"Rent a Car Mostar\",\"description\":\"Car Rental Agency Mostar\",\"publisher\":{\"@id\":\"https:\/\/artic.ba\/#organization\"},\"potentialAction\":[{\"@type\":\"SearchAction\",\"target\":{\"@type\":\"EntryPoint\",\"urlTemplate\":\"https:\/\/artic.ba\/?s={search_term_string}\"},\"query-input\":\"required name=search_term_string\"}],\"inLanguage\":\"bs-BA\"},{\"@type\":\"Organization\",\"@id\":\"https:\/\/artic.ba\/#organization\",\"name\":\"Rent a Car Mostar - Artic Rent a Car\",\"url\":\"https:\/\/artic.ba\/\",\"logo\":{\"@type\":\"ImageObject\",\"inLanguage\":\"bs-BA\",\"@id\":\"https:\/\/artic.ba\/#\/schema\/logo\/image\/\",\"url\":\"https:\/\/artic.ba\/wp-content\/uploads\/2023\/03\/artic-new-logo-800.jpg\",\"contentUrl\":\"https:\/\/artic.ba\/wp-content\/uploads\/2023\/03\/artic-new-logo-800.jpg\",\"width\":800,\"height\":800,\"caption\":\"Rent a Car Mostar - Artic Rent a Car\"},\"image\":{\"@id\":\"https:\/\/artic.ba\/#\/schema\/logo\/image\/\"},\"sameAs\":[\"https:\/\/www.facebook.com\/Artic-Rent-a-Car-Mostar-549202751914507\",\"https:\/\/www.instagram.com\/articrentacar\/\"]}]}<\/script>\n<!-- \/ Yoast SEO plugin. -->","yoast_head_json":{"title":"Cars price table - Rent a Car Mostar","description":"Rent a Car Mostar Artic Trade. Car rental. Hire Car Mostar. Najam vozila Mostar. Rent a Car Agencija. Renta Car Mostar. Mostar rent.","robots":{"index":"index","follow":"follow","max-snippet":"max-snippet:-1","max-image-preview":"max-image-preview:large","max-video-preview":"max-video-preview:-1"},"canonical":"https:\/\/artic.ba\/bs\/cars-price-table\/","og_locale":"bs_BA","og_type":"article","og_title":"Cars price table - Rent a Car Mostar","og_description":"Rent a Car Mostar Artic Trade. Car rental. Hire Car Mostar. Najam vozila Mostar. Rent a Car Agencija. Renta Car Mostar. Mostar rent.","og_url":"https:\/\/artic.ba\/bs\/cars-price-table\/","og_site_name":"Rent a Car Mostar","article_publisher":"https:\/\/www.facebook.com\/Artic-Rent-a-Car-Mostar-549202751914507","article_modified_time":"2022-04-26T08:27:35+00:00","og_image":[{"width":1200,"height":630,"url":"https:\/\/artic.ba\/wp-content\/uploads\/2023\/03\/Ren-A-Car-Mostar-Artic-Trade.gif","type":"image\/gif"}],"twitter_card":"summary_large_image","schema":{"@context":"https:\/\/schema.org","@graph":[{"@type":"WebPage","@id":"https:\/\/artic.ba\/cars-price-table\/","url":"https:\/\/artic.ba\/cars-price-table\/","name":"Cars price table - Rent a Car Mostar","isPartOf":{"@id":"https:\/\/artic.ba\/#website"},"datePublished":"2017-08-19T10:49:03+00:00","dateModified":"2022-04-26T08:27:35+00:00","description":"Rent a Car Mostar Artic Trade. Car rental. Hire Car Mostar. Najam vozila Mostar. Rent a Car Agencija. Renta Car Mostar. Mostar rent.","breadcrumb":{"@id":"https:\/\/artic.ba\/cars-price-table\/#breadcrumb"},"inLanguage":"bs-BA","potentialAction":[{"@type":"ReadAction","target":["https:\/\/artic.ba\/cars-price-table\/"]}]},{"@type":"BreadcrumbList","@id":"https:\/\/artic.ba\/cars-price-table\/#breadcrumb","itemListElement":[{"@type":"ListItem","position":1,"name":"Home","item":"https:\/\/artic.ba\/"},{"@type":"ListItem","position":2,"name":"Cars price table"}]},{"@type":"WebSite","@id":"https:\/\/artic.ba\/#website","url":"https:\/\/artic.ba\/","name":"Rent a Car Mostar","description":"Car Rental Agency Mostar","publisher":{"@id":"https:\/\/artic.ba\/#organization"},"potentialAction":[{"@type":"SearchAction","target":{"@type":"EntryPoint","urlTemplate":"https:\/\/artic.ba\/?s={search_term_string}"},"query-input":"required name=search_term_string"}],"inLanguage":"bs-BA"},{"@type":"Organization","@id":"https:\/\/artic.ba\/#organization","name":"Rent a Car Mostar - Artic Rent a Car","url":"https:\/\/artic.ba\/","logo":{"@type":"ImageObject","inLanguage":"bs-BA","@id":"https:\/\/artic.ba\/#\/schema\/logo\/image\/","url":"https:\/\/artic.ba\/wp-content\/uploads\/2023\/03\/artic-new-logo-800.jpg","contentUrl":"https:\/\/artic.ba\/wp-content\/uploads\/2023\/03\/artic-new-logo-800.jpg","width":800,"height":800,"caption":"Rent a Car Mostar - Artic Rent a Car"},"image":{"@id":"https:\/\/artic.ba\/#\/schema\/logo\/image\/"},"sameAs":["https:\/\/www.facebook.com\/Artic-Rent-a-Car-Mostar-549202751914507","https:\/\/www.instagram.com\/articrentacar\/"]}]}},"_links":{"self":[{"href":"https:\/\/artic.ba\/bs\/wp-json\/wp\/v2\/pages\/597","targetHints":{"allow":["GET"]}}],"collection":[{"href":"https:\/\/artic.ba\/bs\/wp-json\/wp\/v2\/pages"}],"about":[{"href":"https:\/\/artic.ba\/bs\/wp-json\/wp\/v2\/types\/page"}],"author":[{"embeddable":true,"href":"https:\/\/artic.ba\/bs\/wp-json\/wp\/v2\/users\/1"}],"replies":[{"embeddable":true,"href":"https:\/\/artic.ba\/bs\/wp-json\/wp\/v2\/comments?post=597"}],"version-history":[{"count":1,"href":"https:\/\/artic.ba\/bs\/wp-json\/wp\/v2\/pages\/597\/revisions"}],"predecessor-version":[{"id":3117,"href":"https:\/\/artic.ba\/bs\/wp-json\/wp\/v2\/pages\/597\/revisions\/3117"}],"wp:attachment":[{"href":"https:\/\/artic.ba\/bs\/wp-json\/wp\/v2\/media?parent=597"}],"curies":[{"name":"wp","href":"https:\/\/api.w.org\/{rel}","templated":true}]}}